{"id":5797,"date":"2025-12-03T14:40:37","date_gmt":"2025-12-03T14:40:37","guid":{"rendered":"https:\/\/calmway.codelibry.dev\/?post_type=product&#038;p=5797"},"modified":"2025-12-03T14:59:03","modified_gmt":"2025-12-03T14:59:03","slug":"zehni-qaldiran-yem%c9%99kl%c9%99r","status":"publish","type":"product","link":"https:\/\/calmway.codelibry.dev\/ru\/m\u0259hsul\/zehni-qaldiran-yem%c9%99kl%c9%99r\/","title":{"rendered":"Zehni Qald\u0131ran Yem\u0259kl\u0259r"},"content":{"rendered":"<p>Yax\u015f\u0131 \u0259hval-ruhiyy\u0259ni, beyin i\u015fini v\u0259 \u00fcmumi tonusu d\u0259st\u0259kl\u0259y\u0259n reseptl\u0259r toplusudur. Yem\u0259kl\u0259r emosional v\u0259ziyy\u0259ti v\u0259 enerji s\u0259viyy\u0259sini sabitl\u0259\u015fdirm\u0259y\u0259 k\u00f6m\u0259k ed\u0259n omega-3, antioksidant v\u0259 faydal\u0131 ya\u011f m\u0259nb\u0259l\u0259rini birl\u0259\u015fdirir.<\/p>\n<p>Daxild\u0259:<br \/>\n\u2022 \u201cserotonin\u201d qablar\u0131, xo\u015fb\u0259xt beyin \u00fc\u00e7\u00fcn smuzil\u0259r, omega-3-l\u0259 z\u0259ngin \u0259sas yem\u0259kl\u0259r v\u0259 \u015fokoladl\u0131 desertl\u0259rin reseptl\u0259ri;<br \/>\n\u2022 beyin v\u0259 sinir sistemi \u00fc\u00e7\u00fcn faydal\u0131 inqrediyentl\u0259r\u0259 x\u00fcsusi diqq\u0259t;<br \/>\n\u2022 h\u0259m sevindir\u0259n, h\u0259m d\u0259 doyuran bo\u015fqab\u0131 tez toplama\u011fa imkan ver\u0259n sad\u0259 bi\u015firm\u0259 add\u0131mlar\u0131.<\/p>\n<p>Format: \u0259hval-ruhiyy\u0259 v\u0259 zehni ayd\u0131nl\u0131\u011f\u0131 d\u0259st\u0259kl\u0259y\u0259n reseptl\u0259rl\u0259 y\u00fckl\u0259n\u0259 bil\u0259n PDF fayl.<\/p>\n","protected":false},"excerpt":{"rendered":"<p>Yax\u015f\u0131 \u0259hval-ruhiyy\u0259ni, beyin i\u015fini v\u0259 \u00fcmumi tonusu d\u0259st\u0259kl\u0259y\u0259n reseptl\u0259r toplusudur. Yem\u0259kl\u0259r emosional v\u0259ziyy\u0259ti v\u0259 enerji s\u0259viyy\u0259sini sabitl\u0259\u015fdirm\u0259y\u0259 k\u00f6m\u0259k ed\u0259n omega-3, antioksidant v\u0259 faydal\u0131 ya\u011f m\u0259nb\u0259l\u0259rini birl\u0259\u015fdirir. Daxild\u0259: \u2022 \u201cserotonin\u201d qablar\u0131, xo\u015fb\u0259xt beyin \u00fc\u00e7\u00fcn smuzil\u0259r, omega-3-l\u0259 z\u0259ngin \u0259sas yem\u0259kl\u0259r v\u0259 \u015fokoladl\u0131 desertl\u0259rin reseptl\u0259ri; \u2022 beyin v\u0259 sinir sistemi \u00fc\u00e7\u00fcn faydal\u0131 inqrediyentl\u0259r\u0259 x\u00fcsusi diqq\u0259t; \u2022 h\u0259m sevindir\u0259n, [&hellip;]<\/p>\n","protected":false},"featured_media":5817,"comment_status":"open","ping_status":"closed","template":"","meta":{"_acf_changed":false,"inline_featured_image":false},"product_brand":[],"product_cat":[101],"product_tag":[],"product_language":[88],"class_list":{"0":"post-5797","1":"product","2":"type-product","3":"status-publish","4":"has-post-thumbnail","6":"product_cat-mindfuleating","7":"product_language-az","9":"first","10":"instock","11":"downloadable","12":"shipping-taxable","13":"purchasable","14":"product-type-simple"},"acf":[],"yoast_head":"<!-- This site is optimized with the Yoast SEO plugin v26.2 - https:\/\/yoast.com\/wordpress\/plugins\/seo\/ -->\n<title>Zehni Qald\u0131ran Yem\u0259kl\u0259r - Calming practices<\/title>\n<meta name=\"robots\" content=\"noindex, follow, max-snippet:-1, max-image-preview:large, max-video-preview:-1\" \/>\n<meta property=\"og:locale\" content=\"ru_RU\" \/>\n<meta property=\"og:type\" content=\"article\" \/>\n<meta property=\"og:title\" content=\"Zehni Qald\u0131ran Yem\u0259kl\u0259r - Calming practices\" \/>\n<meta property=\"og:description\" content=\"Yax\u015f\u0131 \u0259hval-ruhiyy\u0259ni, beyin i\u015fini v\u0259 \u00fcmumi tonusu d\u0259st\u0259kl\u0259y\u0259n reseptl\u0259r toplusudur. Yem\u0259kl\u0259r emosional v\u0259ziyy\u0259ti v\u0259 enerji s\u0259viyy\u0259sini sabitl\u0259\u015fdirm\u0259y\u0259 k\u00f6m\u0259k ed\u0259n omega-3, antioksidant v\u0259 faydal\u0131 ya\u011f m\u0259nb\u0259l\u0259rini birl\u0259\u015fdirir. Daxild\u0259: \u2022 \u201cserotonin\u201d qablar\u0131, xo\u015fb\u0259xt beyin \u00fc\u00e7\u00fcn smuzil\u0259r, omega-3-l\u0259 z\u0259ngin \u0259sas yem\u0259kl\u0259r v\u0259 \u015fokoladl\u0131 desertl\u0259rin reseptl\u0259ri; \u2022 beyin v\u0259 sinir sistemi \u00fc\u00e7\u00fcn faydal\u0131 inqrediyentl\u0259r\u0259 x\u00fcsusi diqq\u0259t; \u2022 h\u0259m sevindir\u0259n, [&hellip;]\" \/>\n<meta property=\"og:url\" content=\"https:\/\/calmway.codelibry.dev\/m\u0259hsul\/zehni-qaldiran-yem\u0259kl\u0259r\/\" \/>\n<meta property=\"og:site_name\" content=\"Calming practices\" \/>\n<meta property=\"article:modified_time\" content=\"2025-12-03T14:59:03+00:00\" \/>\n<meta property=\"og:image\" content=\"https:\/\/calmway.codelibry.dev\/wp-content\/uploads\/2025\/12\/Mind-Lifting_IMGS-1024x1024.png\" \/>\n\t<meta property=\"og:image:width\" content=\"1024\" \/>\n\t<meta property=\"og:image:height\" content=\"1024\" \/>\n\t<meta property=\"og:image:type\" content=\"image\/png\" \/>\n<meta name=\"twitter:card\" content=\"summary_large_image\" \/>\n<meta name=\"twitter:label1\" content=\"\u041f\u0440\u0438\u043c\u0435\u0440\u043d\u043e\u0435 \u0432\u0440\u0435\u043c\u044f \u0434\u043b\u044f \u0447\u0442\u0435\u043d\u0438\u044f\" \/>\n\t<meta name=\"twitter:data1\" content=\"1 \u043c\u0438\u043d\u0443\u0442\u0430\" \/>\n<script type=\"application\/ld+json\" class=\"yoast-schema-graph\">{\"@context\":\"https:\/\/schema.org\",\"@graph\":[{\"@type\":\"WebPage\",\"@id\":\"https:\/\/calmway.codelibry.dev\/m\u0259hsul\/zehni-qaldiran-yem%c9%99kl%c9%99r\/\",\"url\":\"https:\/\/calmway.codelibry.dev\/m\u0259hsul\/zehni-qaldiran-yem%c9%99kl%c9%99r\/\",\"name\":\"Zehni Qald\u0131ran Yem\u0259kl\u0259r - Calming practices\",\"isPartOf\":{\"@id\":\"https:\/\/calmway.codelibry.dev\/#website\"},\"primaryImageOfPage\":{\"@id\":\"https:\/\/calmway.codelibry.dev\/m\u0259hsul\/zehni-qaldiran-yem%c9%99kl%c9%99r\/#primaryimage\"},\"image\":{\"@id\":\"https:\/\/calmway.codelibry.dev\/m\u0259hsul\/zehni-qaldiran-yem%c9%99kl%c9%99r\/#primaryimage\"},\"thumbnailUrl\":\"https:\/\/calmway.codelibry.dev\/wp-content\/uploads\/2025\/12\/Mind-Lifting_IMGS.png\",\"datePublished\":\"2025-12-03T14:40:37+00:00\",\"dateModified\":\"2025-12-03T14:59:03+00:00\",\"breadcrumb\":{\"@id\":\"https:\/\/calmway.codelibry.dev\/m\u0259hsul\/zehni-qaldiran-yem%c9%99kl%c9%99r\/#breadcrumb\"},\"inLanguage\":\"ru-RU\",\"potentialAction\":[{\"@type\":\"ReadAction\",\"target\":[\"https:\/\/calmway.codelibry.dev\/m\u0259hsul\/zehni-qaldiran-yem%c9%99kl%c9%99r\/\"]}]},{\"@type\":\"ImageObject\",\"inLanguage\":\"ru-RU\",\"@id\":\"https:\/\/calmway.codelibry.dev\/m\u0259hsul\/zehni-qaldiran-yem%c9%99kl%c9%99r\/#primaryimage\",\"url\":\"https:\/\/calmway.codelibry.dev\/wp-content\/uploads\/2025\/12\/Mind-Lifting_IMGS.png\",\"contentUrl\":\"https:\/\/calmway.codelibry.dev\/wp-content\/uploads\/2025\/12\/Mind-Lifting_IMGS.png\",\"width\":2000,\"height\":2000},{\"@type\":\"BreadcrumbList\",\"@id\":\"https:\/\/calmway.codelibry.dev\/m\u0259hsul\/zehni-qaldiran-yem%c9%99kl%c9%99r\/#breadcrumb\",\"itemListElement\":[{\"@type\":\"ListItem\",\"position\":1,\"name\":\"\u0413\u043b\u0430\u0432\u043d\u0430\u044f \u0441\u0442\u0440\u0430\u043d\u0438\u0446\u0430\",\"item\":\"https:\/\/calmway.codelibry.dev\/\"},{\"@type\":\"ListItem\",\"position\":2,\"name\":\"\u041c\u0430\u0433\u0430\u0437\u0438\u043d\",\"item\":\"https:\/\/calmway.codelibry.dev\/ru\/shop\/\"},{\"@type\":\"ListItem\",\"position\":3,\"name\":\"Zehni Qald\u0131ran Yem\u0259kl\u0259r\"}]},{\"@type\":\"WebSite\",\"@id\":\"https:\/\/calmway.codelibry.dev\/#website\",\"url\":\"https:\/\/calmway.codelibry.dev\/\",\"name\":\"Calming practices\",\"description\":\"\",\"potentialAction\":[{\"@type\":\"SearchAction\",\"target\":{\"@type\":\"EntryPoint\",\"urlTemplate\":\"https:\/\/calmway.codelibry.dev\/?s={search_term_string}\"},\"query-input\":{\"@type\":\"PropertyValueSpecification\",\"valueRequired\":true,\"valueName\":\"search_term_string\"}}],\"inLanguage\":\"ru-RU\"}]}<\/script>\n<!-- \/ Yoast SEO plugin. -->","yoast_head_json":{"title":"Zehni Qald\u0131ran Yem\u0259kl\u0259r - Calming practices","robots":{"index":"noindex","follow":"follow","max-snippet":"max-snippet:-1","max-image-preview":"max-image-preview:large","max-video-preview":"max-video-preview:-1"},"og_locale":"ru_RU","og_type":"article","og_title":"Zehni Qald\u0131ran Yem\u0259kl\u0259r - Calming practices","og_description":"Yax\u015f\u0131 \u0259hval-ruhiyy\u0259ni, beyin i\u015fini v\u0259 \u00fcmumi tonusu d\u0259st\u0259kl\u0259y\u0259n reseptl\u0259r toplusudur. Yem\u0259kl\u0259r emosional v\u0259ziyy\u0259ti v\u0259 enerji s\u0259viyy\u0259sini sabitl\u0259\u015fdirm\u0259y\u0259 k\u00f6m\u0259k ed\u0259n omega-3, antioksidant v\u0259 faydal\u0131 ya\u011f m\u0259nb\u0259l\u0259rini birl\u0259\u015fdirir. Daxild\u0259: \u2022 \u201cserotonin\u201d qablar\u0131, xo\u015fb\u0259xt beyin \u00fc\u00e7\u00fcn smuzil\u0259r, omega-3-l\u0259 z\u0259ngin \u0259sas yem\u0259kl\u0259r v\u0259 \u015fokoladl\u0131 desertl\u0259rin reseptl\u0259ri; \u2022 beyin v\u0259 sinir sistemi \u00fc\u00e7\u00fcn faydal\u0131 inqrediyentl\u0259r\u0259 x\u00fcsusi diqq\u0259t; \u2022 h\u0259m sevindir\u0259n, [&hellip;]","og_url":"https:\/\/calmway.codelibry.dev\/m\u0259hsul\/zehni-qaldiran-yem\u0259kl\u0259r\/","og_site_name":"Calming practices","article_modified_time":"2025-12-03T14:59:03+00:00","og_image":[{"width":1024,"height":1024,"url":"https:\/\/calmway.codelibry.dev\/wp-content\/uploads\/2025\/12\/Mind-Lifting_IMGS-1024x1024.png","type":"image\/png"}],"twitter_card":"summary_large_image","twitter_misc":{"\u041f\u0440\u0438\u043c\u0435\u0440\u043d\u043e\u0435 \u0432\u0440\u0435\u043c\u044f \u0434\u043b\u044f \u0447\u0442\u0435\u043d\u0438\u044f":"1 \u043c\u0438\u043d\u0443\u0442\u0430"},"schema":{"@context":"https:\/\/schema.org","@graph":[{"@type":"WebPage","@id":"https:\/\/calmway.codelibry.dev\/m\u0259hsul\/zehni-qaldiran-yem%c9%99kl%c9%99r\/","url":"https:\/\/calmway.codelibry.dev\/m\u0259hsul\/zehni-qaldiran-yem%c9%99kl%c9%99r\/","name":"Zehni Qald\u0131ran Yem\u0259kl\u0259r - Calming practices","isPartOf":{"@id":"https:\/\/calmway.codelibry.dev\/#website"},"primaryImageOfPage":{"@id":"https:\/\/calmway.codelibry.dev\/m\u0259hsul\/zehni-qaldiran-yem%c9%99kl%c9%99r\/#primaryimage"},"image":{"@id":"https:\/\/calmway.codelibry.dev\/m\u0259hsul\/zehni-qaldiran-yem%c9%99kl%c9%99r\/#primaryimage"},"thumbnailUrl":"https:\/\/calmway.codelibry.dev\/wp-content\/uploads\/2025\/12\/Mind-Lifting_IMGS.png","datePublished":"2025-12-03T14:40:37+00:00","dateModified":"2025-12-03T14:59:03+00:00","breadcrumb":{"@id":"https:\/\/calmway.codelibry.dev\/m\u0259hsul\/zehni-qaldiran-yem%c9%99kl%c9%99r\/#breadcrumb"},"inLanguage":"ru-RU","potentialAction":[{"@type":"ReadAction","target":["https:\/\/calmway.codelibry.dev\/m\u0259hsul\/zehni-qaldiran-yem%c9%99kl%c9%99r\/"]}]},{"@type":"ImageObject","inLanguage":"ru-RU","@id":"https:\/\/calmway.codelibry.dev\/m\u0259hsul\/zehni-qaldiran-yem%c9%99kl%c9%99r\/#primaryimage","url":"https:\/\/calmway.codelibry.dev\/wp-content\/uploads\/2025\/12\/Mind-Lifting_IMGS.png","contentUrl":"https:\/\/calmway.codelibry.dev\/wp-content\/uploads\/2025\/12\/Mind-Lifting_IMGS.png","width":2000,"height":2000},{"@type":"BreadcrumbList","@id":"https:\/\/calmway.codelibry.dev\/m\u0259hsul\/zehni-qaldiran-yem%c9%99kl%c9%99r\/#breadcrumb","itemListElement":[{"@type":"ListItem","position":1,"name":"\u0413\u043b\u0430\u0432\u043d\u0430\u044f \u0441\u0442\u0440\u0430\u043d\u0438\u0446\u0430","item":"https:\/\/calmway.codelibry.dev\/"},{"@type":"ListItem","position":2,"name":"\u041c\u0430\u0433\u0430\u0437\u0438\u043d","item":"https:\/\/calmway.codelibry.dev\/ru\/shop\/"},{"@type":"ListItem","position":3,"name":"Zehni Qald\u0131ran Yem\u0259kl\u0259r"}]},{"@type":"WebSite","@id":"https:\/\/calmway.codelibry.dev\/#website","url":"https:\/\/calmway.codelibry.dev\/","name":"Calming practices","description":"","potentialAction":[{"@type":"SearchAction","target":{"@type":"EntryPoint","urlTemplate":"https:\/\/calmway.codelibry.dev\/?s={search_term_string}"},"query-input":{"@type":"PropertyValueSpecification","valueRequired":true,"valueName":"search_term_string"}}],"inLanguage":"ru-RU"}]}},"_links":{"self":[{"href":"https:\/\/calmway.codelibry.dev\/ru\/wp-json\/wp\/v2\/product\/5797","targetHints":{"allow":["GET"]}}],"collection":[{"href":"https:\/\/calmway.codelibry.dev\/ru\/wp-json\/wp\/v2\/product"}],"about":[{"href":"https:\/\/calmway.codelibry.dev\/ru\/wp-json\/wp\/v2\/types\/product"}],"replies":[{"embeddable":true,"href":"https:\/\/calmway.codelibry.dev\/ru\/wp-json\/wp\/v2\/comments?post=5797"}],"wp:featuredmedia":[{"embeddable":true,"href":"https:\/\/calmway.codelibry.dev\/ru\/wp-json\/wp\/v2\/media\/5817"}],"wp:attachment":[{"href":"https:\/\/calmway.codelibry.dev\/ru\/wp-json\/wp\/v2\/media?parent=5797"}],"wp:term":[{"taxonomy":"product_brand","embeddable":true,"href":"https:\/\/calmway.codelibry.dev\/ru\/wp-json\/wp\/v2\/product_brand?post=5797"},{"taxonomy":"product_cat","embeddable":true,"href":"https:\/\/calmway.codelibry.dev\/ru\/wp-json\/wp\/v2\/product_cat?post=5797"},{"taxonomy":"product_tag","embeddable":true,"href":"https:\/\/calmway.codelibry.dev\/ru\/wp-json\/wp\/v2\/product_tag?post=5797"},{"taxonomy":"product_language","embeddable":true,"href":"https:\/\/calmway.codelibry.dev\/ru\/wp-json\/wp\/v2\/product_language?post=5797"}],"curies":[{"name":"wp","href":"https:\/\/api.w.org\/{rel}","templated":true}]}}