{"id":4827,"date":"2025-11-03T10:43:57","date_gmt":"2025-11-03T10:43:57","guid":{"rendered":"https:\/\/calmway.codelibry.dev\/?post_type=product&#038;p=4827"},"modified":"2025-12-03T13:39:05","modified_gmt":"2025-12-03T13:39:05","slug":"suurlu-m%c9%99hsuldarliq-sistemi","status":"publish","type":"product","link":"https:\/\/calmway.codelibry.dev\/ru\/m\u0259hsul\/suurlu-m%c9%99hsuldarliq-sistemi\/","title":{"rendered":"\u015e\u00fcurlu M\u0259hsuldarl\u0131q Sistemi"},"content":{"rendered":"<p>\u0130\u015f\u0259 yana\u015fma, bitm\u0259y\u0259n m\u0259\u015f\u011fulluqdan diqq\u0259ti h\u0259qiq\u0259t\u0259n sizin \u00fc\u00e7\u00fcn vacib n\u0259tic\u0259l\u0259r\u0259 y\u00f6n\u0259lmi\u015f \u015f\u00fcurlu ir\u0259lil\u0259yi\u015f\u0259 ke\u00e7irir. Siz diqq\u0259tinizi hara y\u00f6n\u0259ltm\u0259yi, g\u00fcn\u00fc \u0259sas tap\u015f\u0131r\u0131qlar \u0259traf\u0131nda planla\u015fd\u0131rma\u011f\u0131 v\u0259 t\u0259bii enerji ritminizl\u0259 uy\u011fun i\u015fl\u0259m\u0259yi, ona qar\u015f\u0131 deyil, onunla birlikd\u0259 h\u0259r\u0259k\u0259t etm\u0259yi \u00f6yr\u0259nirsiniz. Bu, y\u00fckl\u0259nm\u0259ni azaltma\u011fa, son tarixl\u0259r fonunda t\u00fck\u0259nm\u0259d\u0259n qa\u00e7ma\u011fa v\u0259 s\u0259yl\u0259ri h\u0259qiq\u0259t\u0259n h\u0259yat\u0131n\u0131z\u0131 v\u0259 karyeran\u0131z\u0131 ir\u0259li aparan i\u015fl\u0259r\u0259 toplama\u011fa k\u00f6m\u0259k edir.<\/p>\n<p>Daxild\u0259 siz tapacaqs\u0131n\u0131z:<br \/>\n\u2022 \u015f\u00fcursuz m\u0259hsuldarl\u0131q t\u0259l\u0259l\u0259rinin izah\u0131n\u0131 v\u0259 onlar\u0131n \u0259lam\u0259tl\u0259ri \u00fczr\u0259 yoxlama siyah\u0131s\u0131n\u0131;<br \/>\n\u2022 \u015f\u00fcurlu m\u0259hsuldarl\u0131\u011f\u0131n d\u00f6rd \u0259sas s\u00fctununu v\u0259 h\u0259r biri \u00fc\u00e7\u00fcn sad\u0259 praktikalar\u0131;<br \/>\n\u2022 bir tap\u015f\u0131r\u0131\u011fa fokus, g\u00fcn \u00fc\u00e7\u00fcn niyy\u0259t qoyulmas\u0131 v\u0259 tap\u015f\u0131r\u0131qlar aras\u0131nda \u015f\u00fcurlu fasil\u0259l\u0259r \u00fc\u00e7\u00fcn i\u015f v\u0259r\u0259ql\u0259rini;<br \/>\n\u2022 m\u00fcr\u0259kk\u0259b v\u0259 daha y\u00fcng\u00fcl tap\u015f\u0131r\u0131qlar\u0131 t\u0259bii enerji y\u00fcks\u0259li\u015f v\u0259 eni\u015fl\u0259rinizi n\u0259z\u0259r\u0259 alaraq b\u00f6lg\u00fc etm\u0259y\u0259 k\u00f6m\u0259k ed\u0259n enerji x\u0259rit\u0259sini;<br \/>\n\u2022 d\u0259rin i\u015f bloklar\u0131, h\u0259ft\u0259lik refleksiya v\u0259 ayl\u0131q m\u0259hsuldarl\u0131q auditin\u0259 dair \u015fablonlar\u0131.<\/p>\n<p>Format: y\u00fckl\u0259n\u0259 bil\u0259n PDF s\u0259n\u0259d \u2014 \u015f\u00fcurlu m\u0259hsuldarl\u0131q \u00fczr\u0259 planla\u015fd\u0131rma v\u0259 refleksiya sistemi kimi \u00e7ap edib istifad\u0259 ed\u0259 bil\u0259c\u0259yiniz praktiki i\u015f d\u0259ft\u0259ri.<\/p>\n","protected":false},"excerpt":{"rendered":"<p>\u0130\u015f\u0259 yana\u015fma, bitm\u0259y\u0259n m\u0259\u015f\u011fulluqdan diqq\u0259ti h\u0259qiq\u0259t\u0259n sizin \u00fc\u00e7\u00fcn vacib n\u0259tic\u0259l\u0259r\u0259 y\u00f6n\u0259lmi\u015f \u015f\u00fcurlu ir\u0259lil\u0259yi\u015f\u0259 ke\u00e7irir. Siz diqq\u0259tinizi hara y\u00f6n\u0259ltm\u0259yi, g\u00fcn\u00fc \u0259sas tap\u015f\u0131r\u0131qlar \u0259traf\u0131nda planla\u015fd\u0131rma\u011f\u0131 v\u0259 t\u0259bii enerji ritminizl\u0259 uy\u011fun i\u015fl\u0259m\u0259yi, ona qar\u015f\u0131 deyil, onunla birlikd\u0259 h\u0259r\u0259k\u0259t etm\u0259yi \u00f6yr\u0259nirsiniz. Bu, y\u00fckl\u0259nm\u0259ni azaltma\u011fa, son tarixl\u0259r fonunda t\u00fck\u0259nm\u0259d\u0259n qa\u00e7ma\u011fa v\u0259 s\u0259yl\u0259ri h\u0259qiq\u0259t\u0259n h\u0259yat\u0131n\u0131z\u0131 v\u0259 karyeran\u0131z\u0131 ir\u0259li aparan i\u015fl\u0259r\u0259 toplama\u011fa [&hellip;]<\/p>\n","protected":false},"featured_media":5764,"comment_status":"open","ping_status":"closed","template":"","meta":{"_acf_changed":false,"inline_featured_image":false},"product_brand":[],"product_cat":[100],"product_tag":[],"product_language":[88],"class_list":{"0":"post-4827","1":"product","2":"type-product","3":"status-publish","4":"has-post-thumbnail","6":"product_cat-mindfulness","7":"product_language-az","9":"first","10":"instock","11":"downloadable","12":"shipping-taxable","13":"purchasable","14":"product-type-simple"},"acf":[],"yoast_head":"<!-- This site is optimized with the Yoast SEO plugin v26.2 - https:\/\/yoast.com\/wordpress\/plugins\/seo\/ -->\n<title>\u015e\u00fcurlu M\u0259hsuldarl\u0131q Sistemi - Calming practices<\/title>\n<meta name=\"robots\" content=\"noindex, follow, max-snippet:-1, max-image-preview:large, max-video-preview:-1\" \/>\n<meta property=\"og:locale\" content=\"ru_RU\" \/>\n<meta property=\"og:type\" content=\"article\" \/>\n<meta property=\"og:title\" content=\"\u015e\u00fcurlu M\u0259hsuldarl\u0131q Sistemi - Calming practices\" \/>\n<meta property=\"og:description\" content=\"\u0130\u015f\u0259 yana\u015fma, bitm\u0259y\u0259n m\u0259\u015f\u011fulluqdan diqq\u0259ti h\u0259qiq\u0259t\u0259n sizin \u00fc\u00e7\u00fcn vacib n\u0259tic\u0259l\u0259r\u0259 y\u00f6n\u0259lmi\u015f \u015f\u00fcurlu ir\u0259lil\u0259yi\u015f\u0259 ke\u00e7irir. Siz diqq\u0259tinizi hara y\u00f6n\u0259ltm\u0259yi, g\u00fcn\u00fc \u0259sas tap\u015f\u0131r\u0131qlar \u0259traf\u0131nda planla\u015fd\u0131rma\u011f\u0131 v\u0259 t\u0259bii enerji ritminizl\u0259 uy\u011fun i\u015fl\u0259m\u0259yi, ona qar\u015f\u0131 deyil, onunla birlikd\u0259 h\u0259r\u0259k\u0259t etm\u0259yi \u00f6yr\u0259nirsiniz. Bu, y\u00fckl\u0259nm\u0259ni azaltma\u011fa, son tarixl\u0259r fonunda t\u00fck\u0259nm\u0259d\u0259n qa\u00e7ma\u011fa v\u0259 s\u0259yl\u0259ri h\u0259qiq\u0259t\u0259n h\u0259yat\u0131n\u0131z\u0131 v\u0259 karyeran\u0131z\u0131 ir\u0259li aparan i\u015fl\u0259r\u0259 toplama\u011fa [&hellip;]\" \/>\n<meta property=\"og:url\" content=\"https:\/\/calmway.codelibry.dev\/m\u0259hsul\/suurlu-m\u0259hsuldarliq-sistemi\/\" \/>\n<meta property=\"og:site_name\" content=\"Calming practices\" \/>\n<meta property=\"article:modified_time\" content=\"2025-12-03T13:39:05+00:00\" \/>\n<meta property=\"og:image\" content=\"https:\/\/calmway.codelibry.dev\/wp-content\/uploads\/2025\/12\/Mindful-Productivity-System_img-1024x1024.png\" \/>\n\t<meta property=\"og:image:width\" content=\"1024\" \/>\n\t<meta property=\"og:image:height\" content=\"1024\" \/>\n\t<meta property=\"og:image:type\" content=\"image\/png\" \/>\n<meta name=\"twitter:card\" content=\"summary_large_image\" \/>\n<meta name=\"twitter:label1\" content=\"\u041f\u0440\u0438\u043c\u0435\u0440\u043d\u043e\u0435 \u0432\u0440\u0435\u043c\u044f \u0434\u043b\u044f \u0447\u0442\u0435\u043d\u0438\u044f\" \/>\n\t<meta name=\"twitter:data1\" content=\"1 \u043c\u0438\u043d\u0443\u0442\u0430\" \/>\n<script type=\"application\/ld+json\" class=\"yoast-schema-graph\">{\"@context\":\"https:\/\/schema.org\",\"@graph\":[{\"@type\":\"WebPage\",\"@id\":\"https:\/\/calmway.codelibry.dev\/m\u0259hsul\/suurlu-m%c9%99hsuldarliq-sistemi\/\",\"url\":\"https:\/\/calmway.codelibry.dev\/m\u0259hsul\/suurlu-m%c9%99hsuldarliq-sistemi\/\",\"name\":\"\u015e\u00fcurlu M\u0259hsuldarl\u0131q Sistemi - Calming practices\",\"isPartOf\":{\"@id\":\"https:\/\/calmway.codelibry.dev\/#website\"},\"primaryImageOfPage\":{\"@id\":\"https:\/\/calmway.codelibry.dev\/m\u0259hsul\/suurlu-m%c9%99hsuldarliq-sistemi\/#primaryimage\"},\"image\":{\"@id\":\"https:\/\/calmway.codelibry.dev\/m\u0259hsul\/suurlu-m%c9%99hsuldarliq-sistemi\/#primaryimage\"},\"thumbnailUrl\":\"https:\/\/calmway.codelibry.dev\/wp-content\/uploads\/2025\/12\/Mindful-Productivity-System_img.png\",\"datePublished\":\"2025-11-03T10:43:57+00:00\",\"dateModified\":\"2025-12-03T13:39:05+00:00\",\"breadcrumb\":{\"@id\":\"https:\/\/calmway.codelibry.dev\/m\u0259hsul\/suurlu-m%c9%99hsuldarliq-sistemi\/#breadcrumb\"},\"inLanguage\":\"ru-RU\",\"potentialAction\":[{\"@type\":\"ReadAction\",\"target\":[\"https:\/\/calmway.codelibry.dev\/m\u0259hsul\/suurlu-m%c9%99hsuldarliq-sistemi\/\"]}]},{\"@type\":\"ImageObject\",\"inLanguage\":\"ru-RU\",\"@id\":\"https:\/\/calmway.codelibry.dev\/m\u0259hsul\/suurlu-m%c9%99hsuldarliq-sistemi\/#primaryimage\",\"url\":\"https:\/\/calmway.codelibry.dev\/wp-content\/uploads\/2025\/12\/Mindful-Productivity-System_img.png\",\"contentUrl\":\"https:\/\/calmway.codelibry.dev\/wp-content\/uploads\/2025\/12\/Mindful-Productivity-System_img.png\",\"width\":2000,\"height\":2000},{\"@type\":\"BreadcrumbList\",\"@id\":\"https:\/\/calmway.codelibry.dev\/m\u0259hsul\/suurlu-m%c9%99hsuldarliq-sistemi\/#breadcrumb\",\"itemListElement\":[{\"@type\":\"ListItem\",\"position\":1,\"name\":\"\u0413\u043b\u0430\u0432\u043d\u0430\u044f \u0441\u0442\u0440\u0430\u043d\u0438\u0446\u0430\",\"item\":\"https:\/\/calmway.codelibry.dev\/\"},{\"@type\":\"ListItem\",\"position\":2,\"name\":\"\u041c\u0430\u0433\u0430\u0437\u0438\u043d\",\"item\":\"https:\/\/calmway.codelibry.dev\/ru\/shop\/\"},{\"@type\":\"ListItem\",\"position\":3,\"name\":\"\u015e\u00fcurlu M\u0259hsuldarl\u0131q Sistemi\"}]},{\"@type\":\"WebSite\",\"@id\":\"https:\/\/calmway.codelibry.dev\/#website\",\"url\":\"https:\/\/calmway.codelibry.dev\/\",\"name\":\"Calming practices\",\"description\":\"\",\"potentialAction\":[{\"@type\":\"SearchAction\",\"target\":{\"@type\":\"EntryPoint\",\"urlTemplate\":\"https:\/\/calmway.codelibry.dev\/?s={search_term_string}\"},\"query-input\":{\"@type\":\"PropertyValueSpecification\",\"valueRequired\":true,\"valueName\":\"search_term_string\"}}],\"inLanguage\":\"ru-RU\"}]}<\/script>\n<!-- \/ Yoast SEO plugin. -->","yoast_head_json":{"title":"\u015e\u00fcurlu M\u0259hsuldarl\u0131q Sistemi - Calming practices","robots":{"index":"noindex","follow":"follow","max-snippet":"max-snippet:-1","max-image-preview":"max-image-preview:large","max-video-preview":"max-video-preview:-1"},"og_locale":"ru_RU","og_type":"article","og_title":"\u015e\u00fcurlu M\u0259hsuldarl\u0131q Sistemi - Calming practices","og_description":"\u0130\u015f\u0259 yana\u015fma, bitm\u0259y\u0259n m\u0259\u015f\u011fulluqdan diqq\u0259ti h\u0259qiq\u0259t\u0259n sizin \u00fc\u00e7\u00fcn vacib n\u0259tic\u0259l\u0259r\u0259 y\u00f6n\u0259lmi\u015f \u015f\u00fcurlu ir\u0259lil\u0259yi\u015f\u0259 ke\u00e7irir. Siz diqq\u0259tinizi hara y\u00f6n\u0259ltm\u0259yi, g\u00fcn\u00fc \u0259sas tap\u015f\u0131r\u0131qlar \u0259traf\u0131nda planla\u015fd\u0131rma\u011f\u0131 v\u0259 t\u0259bii enerji ritminizl\u0259 uy\u011fun i\u015fl\u0259m\u0259yi, ona qar\u015f\u0131 deyil, onunla birlikd\u0259 h\u0259r\u0259k\u0259t etm\u0259yi \u00f6yr\u0259nirsiniz. Bu, y\u00fckl\u0259nm\u0259ni azaltma\u011fa, son tarixl\u0259r fonunda t\u00fck\u0259nm\u0259d\u0259n qa\u00e7ma\u011fa v\u0259 s\u0259yl\u0259ri h\u0259qiq\u0259t\u0259n h\u0259yat\u0131n\u0131z\u0131 v\u0259 karyeran\u0131z\u0131 ir\u0259li aparan i\u015fl\u0259r\u0259 toplama\u011fa [&hellip;]","og_url":"https:\/\/calmway.codelibry.dev\/m\u0259hsul\/suurlu-m\u0259hsuldarliq-sistemi\/","og_site_name":"Calming practices","article_modified_time":"2025-12-03T13:39:05+00:00","og_image":[{"width":1024,"height":1024,"url":"https:\/\/calmway.codelibry.dev\/wp-content\/uploads\/2025\/12\/Mindful-Productivity-System_img-1024x1024.png","type":"image\/png"}],"twitter_card":"summary_large_image","twitter_misc":{"\u041f\u0440\u0438\u043c\u0435\u0440\u043d\u043e\u0435 \u0432\u0440\u0435\u043c\u044f \u0434\u043b\u044f \u0447\u0442\u0435\u043d\u0438\u044f":"1 \u043c\u0438\u043d\u0443\u0442\u0430"},"schema":{"@context":"https:\/\/schema.org","@graph":[{"@type":"WebPage","@id":"https:\/\/calmway.codelibry.dev\/m\u0259hsul\/suurlu-m%c9%99hsuldarliq-sistemi\/","url":"https:\/\/calmway.codelibry.dev\/m\u0259hsul\/suurlu-m%c9%99hsuldarliq-sistemi\/","name":"\u015e\u00fcurlu M\u0259hsuldarl\u0131q Sistemi - Calming practices","isPartOf":{"@id":"https:\/\/calmway.codelibry.dev\/#website"},"primaryImageOfPage":{"@id":"https:\/\/calmway.codelibry.dev\/m\u0259hsul\/suurlu-m%c9%99hsuldarliq-sistemi\/#primaryimage"},"image":{"@id":"https:\/\/calmway.codelibry.dev\/m\u0259hsul\/suurlu-m%c9%99hsuldarliq-sistemi\/#primaryimage"},"thumbnailUrl":"https:\/\/calmway.codelibry.dev\/wp-content\/uploads\/2025\/12\/Mindful-Productivity-System_img.png","datePublished":"2025-11-03T10:43:57+00:00","dateModified":"2025-12-03T13:39:05+00:00","breadcrumb":{"@id":"https:\/\/calmway.codelibry.dev\/m\u0259hsul\/suurlu-m%c9%99hsuldarliq-sistemi\/#breadcrumb"},"inLanguage":"ru-RU","potentialAction":[{"@type":"ReadAction","target":["https:\/\/calmway.codelibry.dev\/m\u0259hsul\/suurlu-m%c9%99hsuldarliq-sistemi\/"]}]},{"@type":"ImageObject","inLanguage":"ru-RU","@id":"https:\/\/calmway.codelibry.dev\/m\u0259hsul\/suurlu-m%c9%99hsuldarliq-sistemi\/#primaryimage","url":"https:\/\/calmway.codelibry.dev\/wp-content\/uploads\/2025\/12\/Mindful-Productivity-System_img.png","contentUrl":"https:\/\/calmway.codelibry.dev\/wp-content\/uploads\/2025\/12\/Mindful-Productivity-System_img.png","width":2000,"height":2000},{"@type":"BreadcrumbList","@id":"https:\/\/calmway.codelibry.dev\/m\u0259hsul\/suurlu-m%c9%99hsuldarliq-sistemi\/#breadcrumb","itemListElement":[{"@type":"ListItem","position":1,"name":"\u0413\u043b\u0430\u0432\u043d\u0430\u044f \u0441\u0442\u0440\u0430\u043d\u0438\u0446\u0430","item":"https:\/\/calmway.codelibry.dev\/"},{"@type":"ListItem","position":2,"name":"\u041c\u0430\u0433\u0430\u0437\u0438\u043d","item":"https:\/\/calmway.codelibry.dev\/ru\/shop\/"},{"@type":"ListItem","position":3,"name":"\u015e\u00fcurlu M\u0259hsuldarl\u0131q Sistemi"}]},{"@type":"WebSite","@id":"https:\/\/calmway.codelibry.dev\/#website","url":"https:\/\/calmway.codelibry.dev\/","name":"Calming practices","description":"","potentialAction":[{"@type":"SearchAction","target":{"@type":"EntryPoint","urlTemplate":"https:\/\/calmway.codelibry.dev\/?s={search_term_string}"},"query-input":{"@type":"PropertyValueSpecification","valueRequired":true,"valueName":"search_term_string"}}],"inLanguage":"ru-RU"}]}},"_links":{"self":[{"href":"https:\/\/calmway.codelibry.dev\/ru\/wp-json\/wp\/v2\/product\/4827","targetHints":{"allow":["GET"]}}],"collection":[{"href":"https:\/\/calmway.codelibry.dev\/ru\/wp-json\/wp\/v2\/product"}],"about":[{"href":"https:\/\/calmway.codelibry.dev\/ru\/wp-json\/wp\/v2\/types\/product"}],"replies":[{"embeddable":true,"href":"https:\/\/calmway.codelibry.dev\/ru\/wp-json\/wp\/v2\/comments?post=4827"}],"wp:featuredmedia":[{"embeddable":true,"href":"https:\/\/calmway.codelibry.dev\/ru\/wp-json\/wp\/v2\/media\/5764"}],"wp:attachment":[{"href":"https:\/\/calmway.codelibry.dev\/ru\/wp-json\/wp\/v2\/media?parent=4827"}],"wp:term":[{"taxonomy":"product_brand","embeddable":true,"href":"https:\/\/calmway.codelibry.dev\/ru\/wp-json\/wp\/v2\/product_brand?post=4827"},{"taxonomy":"product_cat","embeddable":true,"href":"https:\/\/calmway.codelibry.dev\/ru\/wp-json\/wp\/v2\/product_cat?post=4827"},{"taxonomy":"product_tag","embeddable":true,"href":"https:\/\/calmway.codelibry.dev\/ru\/wp-json\/wp\/v2\/product_tag?post=4827"},{"taxonomy":"product_language","embeddable":true,"href":"https:\/\/calmway.codelibry.dev\/ru\/wp-json\/wp\/v2\/product_language?post=4827"}],"curies":[{"name":"wp","href":"https:\/\/api.w.org\/{rel}","templated":true}]}}