{"id":4823,"date":"2025-11-03T10:43:57","date_gmt":"2025-11-03T10:43:57","guid":{"rendered":"https:\/\/calmway.codelibry.dev\/?post_type=product&#038;p=4823"},"modified":"2025-12-03T13:37:28","modified_gmt":"2025-12-03T13:37:28","slug":"duygusal-guc-sistemi","status":"publish","type":"product","link":"https:\/\/calmway.codelibry.dev\/ru\/m\u0259hsul\/duygusal-guc-sistemi\/","title":{"rendered":"Duy\u011fusal G\u00fcc Sistemi"},"content":{"rendered":"<p>Emosiyalar pik h\u0259dd\u0259 \u00e7atanda bel\u0259 toparlanm\u0131\u015f qalma\u011f\u0131 \u00f6yr\u0259d\u0259n praktik sistemdir: n\u0259 ba\u015f verdiyini daha tez g\u00f6r\u00fcr, fasil\u0259 edir v\u0259 avtomatik reaksiyalara d\u00fc\u015fm\u0259k \u0259v\u0259zin\u0259 \u015f\u00fcurlu cavab se\u00e7irsiniz. Material \u015f\u00fcurlulu\u011fu, emosional t\u0259nziml\u0259nm\u0259ni v\u0259 \u00e7evik d\u00fc\u015f\u00fcnc\u0259ni birl\u0259\u015fdirir ki, qeyri-m\u00fc\u0259yy\u0259nlik v\u0259 g\u0259rgin situasiyalarla daha inamla h\u0259r\u0259k\u0259t ed\u0259 bil\u0259siniz.<\/p>\n<p>Daxild\u0259 siz tapacaqs\u0131n\u0131z:<br \/>\n\u2022 emosional g\u00fcc\u00fcn n\u0259 oldu\u011funu v\u0259 stressi h\u0259dd\u0259n art\u0131q y\u00fckl\u0259nm\u0259d\u0259n nec\u0259 ke\u00e7m\u0259y\u0259 k\u00f6m\u0259k etdiyini izah ed\u0259n b\u00f6lm\u0259;<br \/>\n\u2022 impulsiv reaksiyalar\u0131 saxlamaq v\u0259 daha balansl\u0131 cavablar se\u00e7m\u0259k \u00fc\u00e7\u00fcn emosional fasil\u0259 texnikas\u0131n\u0131;<br \/>\n\u2022 narahatl\u0131q v\u0259 qeyri-sabitlik anlar\u0131nda daxili daya\u011fa qay\u0131tma\u011fa k\u00f6m\u0259k ed\u0259n emosional l\u00f6vb\u0259r metodunu;<br \/>\n\u2022 \u00e7\u0259tin situasiyalar\u0131 yenid\u0259n g\u00f6rm\u0259y\u0259 v\u0259 \u00e7evikliyi inki\u015faf etdirm\u0259y\u0259 y\u00f6n\u0259lmi\u015f bax\u0131\u015f buca\u011f\u0131n\u0131 d\u0259yi\u015fm\u0259 m\u0259\u015fqini;<br \/>\n\u2022 a\u011f\u0131r g\u00f6r\u00fc\u015fl\u0259rd\u0259n v\u0259 s\u00f6hb\u0259tl\u0259rd\u0259n sonra y\u0131\u011f\u0131lan emosional enerjini bo\u015faltmaq \u00fc\u00e7\u00fcn \u201cburaxma\u201d praktikas\u0131n\u0131;<br \/>\n\u2022 real situasiyalar\u0131n t\u0259hlili v\u0259 al\u0259tl\u0259rin g\u00fcnd\u0259lik h\u0259yata inteqrasiyas\u0131 \u00fc\u00e7\u00fcn i\u015f v\u0259r\u0259qini.<\/p>\n<p>Format: y\u00fckl\u0259n\u0259 bil\u0259n PDF s\u0259n\u0259d \u2014 emosional dayan\u0131ql\u0131\u011f\u0131n inki\u015faf\u0131 \u00fc\u00e7\u00fcn b\u0259l\u0259d\u00e7i v\u0259 i\u015f d\u0259ft\u0259ri.<\/p>\n","protected":false},"excerpt":{"rendered":"<p>Emosiyalar pik h\u0259dd\u0259 \u00e7atanda bel\u0259 toparlanm\u0131\u015f qalma\u011f\u0131 \u00f6yr\u0259d\u0259n praktik sistemdir: n\u0259 ba\u015f verdiyini daha tez g\u00f6r\u00fcr, fasil\u0259 edir v\u0259 avtomatik reaksiyalara d\u00fc\u015fm\u0259k \u0259v\u0259zin\u0259 \u015f\u00fcurlu cavab se\u00e7irsiniz. Material \u015f\u00fcurlulu\u011fu, emosional t\u0259nziml\u0259nm\u0259ni v\u0259 \u00e7evik d\u00fc\u015f\u00fcnc\u0259ni birl\u0259\u015fdirir ki, qeyri-m\u00fc\u0259yy\u0259nlik v\u0259 g\u0259rgin situasiyalarla daha inamla h\u0259r\u0259k\u0259t ed\u0259 bil\u0259siniz. Daxild\u0259 siz tapacaqs\u0131n\u0131z: \u2022 emosional g\u00fcc\u00fcn n\u0259 oldu\u011funu v\u0259 stressi h\u0259dd\u0259n [&hellip;]<\/p>\n","protected":false},"featured_media":5762,"comment_status":"open","ping_status":"closed","template":"","meta":{"_acf_changed":false,"inline_featured_image":false},"product_brand":[],"product_cat":[100],"product_tag":[],"product_language":[88],"class_list":{"0":"post-4823","1":"product","2":"type-product","3":"status-publish","4":"has-post-thumbnail","6":"product_cat-mindfulness","7":"product_language-az","9":"first","10":"instock","11":"downloadable","12":"shipping-taxable","13":"purchasable","14":"product-type-simple"},"acf":[],"yoast_head":"<!-- This site is optimized with the Yoast SEO plugin v26.2 - https:\/\/yoast.com\/wordpress\/plugins\/seo\/ -->\n<title>Duy\u011fusal G\u00fcc Sistemi - Calming practices<\/title>\n<meta name=\"robots\" content=\"noindex, follow, max-snippet:-1, max-image-preview:large, max-video-preview:-1\" \/>\n<meta property=\"og:locale\" content=\"ru_RU\" \/>\n<meta property=\"og:type\" content=\"article\" \/>\n<meta property=\"og:title\" content=\"Duy\u011fusal G\u00fcc Sistemi - Calming practices\" \/>\n<meta property=\"og:description\" content=\"Emosiyalar pik h\u0259dd\u0259 \u00e7atanda bel\u0259 toparlanm\u0131\u015f qalma\u011f\u0131 \u00f6yr\u0259d\u0259n praktik sistemdir: n\u0259 ba\u015f verdiyini daha tez g\u00f6r\u00fcr, fasil\u0259 edir v\u0259 avtomatik reaksiyalara d\u00fc\u015fm\u0259k \u0259v\u0259zin\u0259 \u015f\u00fcurlu cavab se\u00e7irsiniz. Material \u015f\u00fcurlulu\u011fu, emosional t\u0259nziml\u0259nm\u0259ni v\u0259 \u00e7evik d\u00fc\u015f\u00fcnc\u0259ni birl\u0259\u015fdirir ki, qeyri-m\u00fc\u0259yy\u0259nlik v\u0259 g\u0259rgin situasiyalarla daha inamla h\u0259r\u0259k\u0259t ed\u0259 bil\u0259siniz. Daxild\u0259 siz tapacaqs\u0131n\u0131z: \u2022 emosional g\u00fcc\u00fcn n\u0259 oldu\u011funu v\u0259 stressi h\u0259dd\u0259n [&hellip;]\" \/>\n<meta property=\"og:url\" content=\"https:\/\/calmway.codelibry.dev\/m\u0259hsul\/duygusal-guc-sistemi\/\" \/>\n<meta property=\"og:site_name\" content=\"Calming practices\" \/>\n<meta property=\"article:modified_time\" content=\"2025-12-03T13:37:28+00:00\" \/>\n<meta property=\"og:image\" content=\"https:\/\/calmway.codelibry.dev\/wp-content\/uploads\/2025\/12\/Emotional-Strength-System_img-1024x1024.png\" \/>\n\t<meta property=\"og:image:width\" content=\"1024\" \/>\n\t<meta property=\"og:image:height\" content=\"1024\" \/>\n\t<meta property=\"og:image:type\" content=\"image\/png\" \/>\n<meta name=\"twitter:card\" content=\"summary_large_image\" \/>\n<meta name=\"twitter:label1\" content=\"\u041f\u0440\u0438\u043c\u0435\u0440\u043d\u043e\u0435 \u0432\u0440\u0435\u043c\u044f \u0434\u043b\u044f \u0447\u0442\u0435\u043d\u0438\u044f\" \/>\n\t<meta name=\"twitter:data1\" content=\"1 \u043c\u0438\u043d\u0443\u0442\u0430\" \/>\n<script type=\"application\/ld+json\" class=\"yoast-schema-graph\">{\"@context\":\"https:\/\/schema.org\",\"@graph\":[{\"@type\":\"WebPage\",\"@id\":\"https:\/\/calmway.codelibry.dev\/m\u0259hsul\/duygusal-guc-sistemi\/\",\"url\":\"https:\/\/calmway.codelibry.dev\/m\u0259hsul\/duygusal-guc-sistemi\/\",\"name\":\"Duy\u011fusal G\u00fcc Sistemi - Calming practices\",\"isPartOf\":{\"@id\":\"https:\/\/calmway.codelibry.dev\/#website\"},\"primaryImageOfPage\":{\"@id\":\"https:\/\/calmway.codelibry.dev\/m\u0259hsul\/duygusal-guc-sistemi\/#primaryimage\"},\"image\":{\"@id\":\"https:\/\/calmway.codelibry.dev\/m\u0259hsul\/duygusal-guc-sistemi\/#primaryimage\"},\"thumbnailUrl\":\"https:\/\/calmway.codelibry.dev\/wp-content\/uploads\/2025\/12\/Emotional-Strength-System_img.png\",\"datePublished\":\"2025-11-03T10:43:57+00:00\",\"dateModified\":\"2025-12-03T13:37:28+00:00\",\"breadcrumb\":{\"@id\":\"https:\/\/calmway.codelibry.dev\/m\u0259hsul\/duygusal-guc-sistemi\/#breadcrumb\"},\"inLanguage\":\"ru-RU\",\"potentialAction\":[{\"@type\":\"ReadAction\",\"target\":[\"https:\/\/calmway.codelibry.dev\/m\u0259hsul\/duygusal-guc-sistemi\/\"]}]},{\"@type\":\"ImageObject\",\"inLanguage\":\"ru-RU\",\"@id\":\"https:\/\/calmway.codelibry.dev\/m\u0259hsul\/duygusal-guc-sistemi\/#primaryimage\",\"url\":\"https:\/\/calmway.codelibry.dev\/wp-content\/uploads\/2025\/12\/Emotional-Strength-System_img.png\",\"contentUrl\":\"https:\/\/calmway.codelibry.dev\/wp-content\/uploads\/2025\/12\/Emotional-Strength-System_img.png\",\"width\":2000,\"height\":2000},{\"@type\":\"BreadcrumbList\",\"@id\":\"https:\/\/calmway.codelibry.dev\/m\u0259hsul\/duygusal-guc-sistemi\/#breadcrumb\",\"itemListElement\":[{\"@type\":\"ListItem\",\"position\":1,\"name\":\"\u0413\u043b\u0430\u0432\u043d\u0430\u044f \u0441\u0442\u0440\u0430\u043d\u0438\u0446\u0430\",\"item\":\"https:\/\/calmway.codelibry.dev\/\"},{\"@type\":\"ListItem\",\"position\":2,\"name\":\"\u041c\u0430\u0433\u0430\u0437\u0438\u043d\",\"item\":\"https:\/\/calmway.codelibry.dev\/ru\/shop\/\"},{\"@type\":\"ListItem\",\"position\":3,\"name\":\"Duy\u011fusal G\u00fcc Sistemi\"}]},{\"@type\":\"WebSite\",\"@id\":\"https:\/\/calmway.codelibry.dev\/#website\",\"url\":\"https:\/\/calmway.codelibry.dev\/\",\"name\":\"Calming practices\",\"description\":\"\",\"potentialAction\":[{\"@type\":\"SearchAction\",\"target\":{\"@type\":\"EntryPoint\",\"urlTemplate\":\"https:\/\/calmway.codelibry.dev\/?s={search_term_string}\"},\"query-input\":{\"@type\":\"PropertyValueSpecification\",\"valueRequired\":true,\"valueName\":\"search_term_string\"}}],\"inLanguage\":\"ru-RU\"}]}<\/script>\n<!-- \/ Yoast SEO plugin. -->","yoast_head_json":{"title":"Duy\u011fusal G\u00fcc Sistemi - Calming practices","robots":{"index":"noindex","follow":"follow","max-snippet":"max-snippet:-1","max-image-preview":"max-image-preview:large","max-video-preview":"max-video-preview:-1"},"og_locale":"ru_RU","og_type":"article","og_title":"Duy\u011fusal G\u00fcc Sistemi - Calming practices","og_description":"Emosiyalar pik h\u0259dd\u0259 \u00e7atanda bel\u0259 toparlanm\u0131\u015f qalma\u011f\u0131 \u00f6yr\u0259d\u0259n praktik sistemdir: n\u0259 ba\u015f verdiyini daha tez g\u00f6r\u00fcr, fasil\u0259 edir v\u0259 avtomatik reaksiyalara d\u00fc\u015fm\u0259k \u0259v\u0259zin\u0259 \u015f\u00fcurlu cavab se\u00e7irsiniz. Material \u015f\u00fcurlulu\u011fu, emosional t\u0259nziml\u0259nm\u0259ni v\u0259 \u00e7evik d\u00fc\u015f\u00fcnc\u0259ni birl\u0259\u015fdirir ki, qeyri-m\u00fc\u0259yy\u0259nlik v\u0259 g\u0259rgin situasiyalarla daha inamla h\u0259r\u0259k\u0259t ed\u0259 bil\u0259siniz. Daxild\u0259 siz tapacaqs\u0131n\u0131z: \u2022 emosional g\u00fcc\u00fcn n\u0259 oldu\u011funu v\u0259 stressi h\u0259dd\u0259n [&hellip;]","og_url":"https:\/\/calmway.codelibry.dev\/m\u0259hsul\/duygusal-guc-sistemi\/","og_site_name":"Calming practices","article_modified_time":"2025-12-03T13:37:28+00:00","og_image":[{"width":1024,"height":1024,"url":"https:\/\/calmway.codelibry.dev\/wp-content\/uploads\/2025\/12\/Emotional-Strength-System_img-1024x1024.png","type":"image\/png"}],"twitter_card":"summary_large_image","twitter_misc":{"\u041f\u0440\u0438\u043c\u0435\u0440\u043d\u043e\u0435 \u0432\u0440\u0435\u043c\u044f \u0434\u043b\u044f \u0447\u0442\u0435\u043d\u0438\u044f":"1 \u043c\u0438\u043d\u0443\u0442\u0430"},"schema":{"@context":"https:\/\/schema.org","@graph":[{"@type":"WebPage","@id":"https:\/\/calmway.codelibry.dev\/m\u0259hsul\/duygusal-guc-sistemi\/","url":"https:\/\/calmway.codelibry.dev\/m\u0259hsul\/duygusal-guc-sistemi\/","name":"Duy\u011fusal G\u00fcc Sistemi - Calming practices","isPartOf":{"@id":"https:\/\/calmway.codelibry.dev\/#website"},"primaryImageOfPage":{"@id":"https:\/\/calmway.codelibry.dev\/m\u0259hsul\/duygusal-guc-sistemi\/#primaryimage"},"image":{"@id":"https:\/\/calmway.codelibry.dev\/m\u0259hsul\/duygusal-guc-sistemi\/#primaryimage"},"thumbnailUrl":"https:\/\/calmway.codelibry.dev\/wp-content\/uploads\/2025\/12\/Emotional-Strength-System_img.png","datePublished":"2025-11-03T10:43:57+00:00","dateModified":"2025-12-03T13:37:28+00:00","breadcrumb":{"@id":"https:\/\/calmway.codelibry.dev\/m\u0259hsul\/duygusal-guc-sistemi\/#breadcrumb"},"inLanguage":"ru-RU","potentialAction":[{"@type":"ReadAction","target":["https:\/\/calmway.codelibry.dev\/m\u0259hsul\/duygusal-guc-sistemi\/"]}]},{"@type":"ImageObject","inLanguage":"ru-RU","@id":"https:\/\/calmway.codelibry.dev\/m\u0259hsul\/duygusal-guc-sistemi\/#primaryimage","url":"https:\/\/calmway.codelibry.dev\/wp-content\/uploads\/2025\/12\/Emotional-Strength-System_img.png","contentUrl":"https:\/\/calmway.codelibry.dev\/wp-content\/uploads\/2025\/12\/Emotional-Strength-System_img.png","width":2000,"height":2000},{"@type":"BreadcrumbList","@id":"https:\/\/calmway.codelibry.dev\/m\u0259hsul\/duygusal-guc-sistemi\/#breadcrumb","itemListElement":[{"@type":"ListItem","position":1,"name":"\u0413\u043b\u0430\u0432\u043d\u0430\u044f \u0441\u0442\u0440\u0430\u043d\u0438\u0446\u0430","item":"https:\/\/calmway.codelibry.dev\/"},{"@type":"ListItem","position":2,"name":"\u041c\u0430\u0433\u0430\u0437\u0438\u043d","item":"https:\/\/calmway.codelibry.dev\/ru\/shop\/"},{"@type":"ListItem","position":3,"name":"Duy\u011fusal G\u00fcc Sistemi"}]},{"@type":"WebSite","@id":"https:\/\/calmway.codelibry.dev\/#website","url":"https:\/\/calmway.codelibry.dev\/","name":"Calming practices","description":"","potentialAction":[{"@type":"SearchAction","target":{"@type":"EntryPoint","urlTemplate":"https:\/\/calmway.codelibry.dev\/?s={search_term_string}"},"query-input":{"@type":"PropertyValueSpecification","valueRequired":true,"valueName":"search_term_string"}}],"inLanguage":"ru-RU"}]}},"_links":{"self":[{"href":"https:\/\/calmway.codelibry.dev\/ru\/wp-json\/wp\/v2\/product\/4823","targetHints":{"allow":["GET"]}}],"collection":[{"href":"https:\/\/calmway.codelibry.dev\/ru\/wp-json\/wp\/v2\/product"}],"about":[{"href":"https:\/\/calmway.codelibry.dev\/ru\/wp-json\/wp\/v2\/types\/product"}],"replies":[{"embeddable":true,"href":"https:\/\/calmway.codelibry.dev\/ru\/wp-json\/wp\/v2\/comments?post=4823"}],"wp:featuredmedia":[{"embeddable":true,"href":"https:\/\/calmway.codelibry.dev\/ru\/wp-json\/wp\/v2\/media\/5762"}],"wp:attachment":[{"href":"https:\/\/calmway.codelibry.dev\/ru\/wp-json\/wp\/v2\/media?parent=4823"}],"wp:term":[{"taxonomy":"product_brand","embeddable":true,"href":"https:\/\/calmway.codelibry.dev\/ru\/wp-json\/wp\/v2\/product_brand?post=4823"},{"taxonomy":"product_cat","embeddable":true,"href":"https:\/\/calmway.codelibry.dev\/ru\/wp-json\/wp\/v2\/product_cat?post=4823"},{"taxonomy":"product_tag","embeddable":true,"href":"https:\/\/calmway.codelibry.dev\/ru\/wp-json\/wp\/v2\/product_tag?post=4823"},{"taxonomy":"product_language","embeddable":true,"href":"https:\/\/calmway.codelibry.dev\/ru\/wp-json\/wp\/v2\/product_language?post=4823"}],"curies":[{"name":"wp","href":"https:\/\/api.w.org\/{rel}","templated":true}]}}