{"id":4817,"date":"2025-11-03T10:43:56","date_gmt":"2025-11-03T10:43:56","guid":{"rendered":"https:\/\/calmway.codelibry.dev\/?post_type=product&#038;p=4817"},"modified":"2025-12-03T14:37:00","modified_gmt":"2025-12-03T14:37:00","slug":"bitki-%c9%99sasli-yem%c9%99kl%c9%99r","status":"publish","type":"product","link":"https:\/\/calmway.codelibry.dev\/ru\/m\u0259hsul\/bitki-%c9%99sasli-yem%c9%99kl%c9%99r\/","title":{"rendered":"Bitki \u018fsasl\u0131 Yem\u0259kl\u0259r"},"content":{"rendered":"<p>Heyvani m\u0259n\u015f\u0259li m\u0259hsullars\u0131z da doyumlu v\u0259 dadl\u0131 yem\u0259k ist\u0259y\u0259nl\u0259r \u00fc\u00e7\u00fcn bitki \u0259sasl\u0131 reseptl\u0259r toplusudur. Yem\u0259kl\u0259r enerji, \u00fcr\u0259k v\u0259 h\u0259zm sa\u011flaml\u0131\u011f\u0131n\u0131 d\u0259st\u0259kl\u0259y\u0259n bitki z\u00fclal\u0131, lif v\u0259 faydal\u0131 ya\u011f m\u0259nb\u0259l\u0259rini birl\u0259\u015fdirir.<\/p>\n<p>Daxild\u0259:<br \/>\n\u2022 tofu s\u0131y\u0131\u011f\u0131 (scramble), noxuddan \u201ctoyuq\u201d sendvi\u00e7i, m\u0259rcim\u0259k bolonezi, \u201cpendirli\u201d souslu pasta v\u0259 qara lobya burgerl\u0259rinin reseptl\u0259ri;<br \/>\n\u2022 tez bi\u015firm\u0259 \u00fc\u00e7\u00fcn rahat inqrediyent siyah\u0131lar\u0131 v\u0259 add\u0131m-add\u0131m t\u0259limatlar;<br \/>\n\u2022 tamamil\u0259 bitki \u0259sasl\u0131, doyumlu s\u0259h\u0259r, nahar v\u0259 \u015fam ideyalar\u0131.<\/p>\n<p>Format: ayd\u0131n t\u0259rtibatl\u0131 bitki \u0259sasl\u0131 reseptl\u0259rl\u0259 y\u00fckl\u0259n\u0259 bil\u0259n PDF fayl.<\/p>\n","protected":false},"excerpt":{"rendered":"<p>Heyvani m\u0259n\u015f\u0259li m\u0259hsullars\u0131z da doyumlu v\u0259 dadl\u0131 yem\u0259k ist\u0259y\u0259nl\u0259r \u00fc\u00e7\u00fcn bitki \u0259sasl\u0131 reseptl\u0259r toplusudur. Yem\u0259kl\u0259r enerji, \u00fcr\u0259k v\u0259 h\u0259zm sa\u011flaml\u0131\u011f\u0131n\u0131 d\u0259st\u0259kl\u0259y\u0259n bitki z\u00fclal\u0131, lif v\u0259 faydal\u0131 ya\u011f m\u0259nb\u0259l\u0259rini birl\u0259\u015fdirir. Daxild\u0259: \u2022 tofu s\u0131y\u0131\u011f\u0131 (scramble), noxuddan \u201ctoyuq\u201d sendvi\u00e7i, m\u0259rcim\u0259k bolonezi, \u201cpendirli\u201d souslu pasta v\u0259 qara lobya burgerl\u0259rinin reseptl\u0259ri; \u2022 tez bi\u015firm\u0259 \u00fc\u00e7\u00fcn rahat inqrediyent siyah\u0131lar\u0131 v\u0259 [&hellip;]<\/p>\n","protected":false},"featured_media":5789,"comment_status":"open","ping_status":"closed","template":"","meta":{"_acf_changed":false,"inline_featured_image":false},"product_brand":[],"product_cat":[101],"product_tag":[],"product_language":[88],"class_list":{"0":"post-4817","1":"product","2":"type-product","3":"status-publish","4":"has-post-thumbnail","6":"product_cat-mindfuleating","7":"product_language-az","9":"first","10":"instock","11":"downloadable","12":"shipping-taxable","13":"purchasable","14":"product-type-simple"},"acf":[],"yoast_head":"<!-- This site is optimized with the Yoast SEO plugin v26.2 - https:\/\/yoast.com\/wordpress\/plugins\/seo\/ -->\n<title>Bitki \u018fsasl\u0131 Yem\u0259kl\u0259r - Calming practices<\/title>\n<meta name=\"robots\" content=\"noindex, follow, max-snippet:-1, max-image-preview:large, max-video-preview:-1\" \/>\n<meta property=\"og:locale\" content=\"ru_RU\" \/>\n<meta property=\"og:type\" content=\"article\" \/>\n<meta property=\"og:title\" content=\"Bitki \u018fsasl\u0131 Yem\u0259kl\u0259r - Calming practices\" \/>\n<meta property=\"og:description\" content=\"Heyvani m\u0259n\u015f\u0259li m\u0259hsullars\u0131z da doyumlu v\u0259 dadl\u0131 yem\u0259k ist\u0259y\u0259nl\u0259r \u00fc\u00e7\u00fcn bitki \u0259sasl\u0131 reseptl\u0259r toplusudur. Yem\u0259kl\u0259r enerji, \u00fcr\u0259k v\u0259 h\u0259zm sa\u011flaml\u0131\u011f\u0131n\u0131 d\u0259st\u0259kl\u0259y\u0259n bitki z\u00fclal\u0131, lif v\u0259 faydal\u0131 ya\u011f m\u0259nb\u0259l\u0259rini birl\u0259\u015fdirir. Daxild\u0259: \u2022 tofu s\u0131y\u0131\u011f\u0131 (scramble), noxuddan \u201ctoyuq\u201d sendvi\u00e7i, m\u0259rcim\u0259k bolonezi, \u201cpendirli\u201d souslu pasta v\u0259 qara lobya burgerl\u0259rinin reseptl\u0259ri; \u2022 tez bi\u015firm\u0259 \u00fc\u00e7\u00fcn rahat inqrediyent siyah\u0131lar\u0131 v\u0259 [&hellip;]\" \/>\n<meta property=\"og:url\" content=\"https:\/\/calmway.codelibry.dev\/m\u0259hsul\/bitki-\u0259sasli-yem\u0259kl\u0259r\/\" \/>\n<meta property=\"og:site_name\" content=\"Calming practices\" \/>\n<meta property=\"article:modified_time\" content=\"2025-12-03T14:37:00+00:00\" \/>\n<meta property=\"og:image\" content=\"https:\/\/calmway.codelibry.dev\/wp-content\/uploads\/2025\/11\/Plant-Powered-Plates_img-1024x1024.png\" \/>\n\t<meta property=\"og:image:width\" content=\"1024\" \/>\n\t<meta property=\"og:image:height\" content=\"1024\" \/>\n\t<meta property=\"og:image:type\" content=\"image\/png\" \/>\n<meta name=\"twitter:card\" content=\"summary_large_image\" \/>\n<meta name=\"twitter:label1\" content=\"\u041f\u0440\u0438\u043c\u0435\u0440\u043d\u043e\u0435 \u0432\u0440\u0435\u043c\u044f \u0434\u043b\u044f \u0447\u0442\u0435\u043d\u0438\u044f\" \/>\n\t<meta name=\"twitter:data1\" content=\"1 \u043c\u0438\u043d\u0443\u0442\u0430\" \/>\n<script type=\"application\/ld+json\" class=\"yoast-schema-graph\">{\"@context\":\"https:\/\/schema.org\",\"@graph\":[{\"@type\":\"WebPage\",\"@id\":\"https:\/\/calmway.codelibry.dev\/m\u0259hsul\/bitki-%c9%99sasli-yem%c9%99kl%c9%99r\/\",\"url\":\"https:\/\/calmway.codelibry.dev\/m\u0259hsul\/bitki-%c9%99sasli-yem%c9%99kl%c9%99r\/\",\"name\":\"Bitki \u018fsasl\u0131 Yem\u0259kl\u0259r - Calming practices\",\"isPartOf\":{\"@id\":\"https:\/\/calmway.codelibry.dev\/#website\"},\"primaryImageOfPage\":{\"@id\":\"https:\/\/calmway.codelibry.dev\/m\u0259hsul\/bitki-%c9%99sasli-yem%c9%99kl%c9%99r\/#primaryimage\"},\"image\":{\"@id\":\"https:\/\/calmway.codelibry.dev\/m\u0259hsul\/bitki-%c9%99sasli-yem%c9%99kl%c9%99r\/#primaryimage\"},\"thumbnailUrl\":\"https:\/\/calmway.codelibry.dev\/wp-content\/uploads\/2025\/11\/Plant-Powered-Plates_img.png\",\"datePublished\":\"2025-11-03T10:43:56+00:00\",\"dateModified\":\"2025-12-03T14:37:00+00:00\",\"breadcrumb\":{\"@id\":\"https:\/\/calmway.codelibry.dev\/m\u0259hsul\/bitki-%c9%99sasli-yem%c9%99kl%c9%99r\/#breadcrumb\"},\"inLanguage\":\"ru-RU\",\"potentialAction\":[{\"@type\":\"ReadAction\",\"target\":[\"https:\/\/calmway.codelibry.dev\/m\u0259hsul\/bitki-%c9%99sasli-yem%c9%99kl%c9%99r\/\"]}]},{\"@type\":\"ImageObject\",\"inLanguage\":\"ru-RU\",\"@id\":\"https:\/\/calmway.codelibry.dev\/m\u0259hsul\/bitki-%c9%99sasli-yem%c9%99kl%c9%99r\/#primaryimage\",\"url\":\"https:\/\/calmway.codelibry.dev\/wp-content\/uploads\/2025\/11\/Plant-Powered-Plates_img.png\",\"contentUrl\":\"https:\/\/calmway.codelibry.dev\/wp-content\/uploads\/2025\/11\/Plant-Powered-Plates_img.png\",\"width\":2000,\"height\":2000},{\"@type\":\"BreadcrumbList\",\"@id\":\"https:\/\/calmway.codelibry.dev\/m\u0259hsul\/bitki-%c9%99sasli-yem%c9%99kl%c9%99r\/#breadcrumb\",\"itemListElement\":[{\"@type\":\"ListItem\",\"position\":1,\"name\":\"\u0413\u043b\u0430\u0432\u043d\u0430\u044f \u0441\u0442\u0440\u0430\u043d\u0438\u0446\u0430\",\"item\":\"https:\/\/calmway.codelibry.dev\/\"},{\"@type\":\"ListItem\",\"position\":2,\"name\":\"\u041c\u0430\u0433\u0430\u0437\u0438\u043d\",\"item\":\"https:\/\/calmway.codelibry.dev\/ru\/shop\/\"},{\"@type\":\"ListItem\",\"position\":3,\"name\":\"Bitki \u018fsasl\u0131 Yem\u0259kl\u0259r\"}]},{\"@type\":\"WebSite\",\"@id\":\"https:\/\/calmway.codelibry.dev\/#website\",\"url\":\"https:\/\/calmway.codelibry.dev\/\",\"name\":\"Calming practices\",\"description\":\"\",\"potentialAction\":[{\"@type\":\"SearchAction\",\"target\":{\"@type\":\"EntryPoint\",\"urlTemplate\":\"https:\/\/calmway.codelibry.dev\/?s={search_term_string}\"},\"query-input\":{\"@type\":\"PropertyValueSpecification\",\"valueRequired\":true,\"valueName\":\"search_term_string\"}}],\"inLanguage\":\"ru-RU\"}]}<\/script>\n<!-- \/ Yoast SEO plugin. -->","yoast_head_json":{"title":"Bitki \u018fsasl\u0131 Yem\u0259kl\u0259r - Calming practices","robots":{"index":"noindex","follow":"follow","max-snippet":"max-snippet:-1","max-image-preview":"max-image-preview:large","max-video-preview":"max-video-preview:-1"},"og_locale":"ru_RU","og_type":"article","og_title":"Bitki \u018fsasl\u0131 Yem\u0259kl\u0259r - Calming practices","og_description":"Heyvani m\u0259n\u015f\u0259li m\u0259hsullars\u0131z da doyumlu v\u0259 dadl\u0131 yem\u0259k ist\u0259y\u0259nl\u0259r \u00fc\u00e7\u00fcn bitki \u0259sasl\u0131 reseptl\u0259r toplusudur. Yem\u0259kl\u0259r enerji, \u00fcr\u0259k v\u0259 h\u0259zm sa\u011flaml\u0131\u011f\u0131n\u0131 d\u0259st\u0259kl\u0259y\u0259n bitki z\u00fclal\u0131, lif v\u0259 faydal\u0131 ya\u011f m\u0259nb\u0259l\u0259rini birl\u0259\u015fdirir. Daxild\u0259: \u2022 tofu s\u0131y\u0131\u011f\u0131 (scramble), noxuddan \u201ctoyuq\u201d sendvi\u00e7i, m\u0259rcim\u0259k bolonezi, \u201cpendirli\u201d souslu pasta v\u0259 qara lobya burgerl\u0259rinin reseptl\u0259ri; \u2022 tez bi\u015firm\u0259 \u00fc\u00e7\u00fcn rahat inqrediyent siyah\u0131lar\u0131 v\u0259 [&hellip;]","og_url":"https:\/\/calmway.codelibry.dev\/m\u0259hsul\/bitki-\u0259sasli-yem\u0259kl\u0259r\/","og_site_name":"Calming practices","article_modified_time":"2025-12-03T14:37:00+00:00","og_image":[{"width":1024,"height":1024,"url":"https:\/\/calmway.codelibry.dev\/wp-content\/uploads\/2025\/11\/Plant-Powered-Plates_img-1024x1024.png","type":"image\/png"}],"twitter_card":"summary_large_image","twitter_misc":{"\u041f\u0440\u0438\u043c\u0435\u0440\u043d\u043e\u0435 \u0432\u0440\u0435\u043c\u044f \u0434\u043b\u044f \u0447\u0442\u0435\u043d\u0438\u044f":"1 \u043c\u0438\u043d\u0443\u0442\u0430"},"schema":{"@context":"https:\/\/schema.org","@graph":[{"@type":"WebPage","@id":"https:\/\/calmway.codelibry.dev\/m\u0259hsul\/bitki-%c9%99sasli-yem%c9%99kl%c9%99r\/","url":"https:\/\/calmway.codelibry.dev\/m\u0259hsul\/bitki-%c9%99sasli-yem%c9%99kl%c9%99r\/","name":"Bitki \u018fsasl\u0131 Yem\u0259kl\u0259r - Calming practices","isPartOf":{"@id":"https:\/\/calmway.codelibry.dev\/#website"},"primaryImageOfPage":{"@id":"https:\/\/calmway.codelibry.dev\/m\u0259hsul\/bitki-%c9%99sasli-yem%c9%99kl%c9%99r\/#primaryimage"},"image":{"@id":"https:\/\/calmway.codelibry.dev\/m\u0259hsul\/bitki-%c9%99sasli-yem%c9%99kl%c9%99r\/#primaryimage"},"thumbnailUrl":"https:\/\/calmway.codelibry.dev\/wp-content\/uploads\/2025\/11\/Plant-Powered-Plates_img.png","datePublished":"2025-11-03T10:43:56+00:00","dateModified":"2025-12-03T14:37:00+00:00","breadcrumb":{"@id":"https:\/\/calmway.codelibry.dev\/m\u0259hsul\/bitki-%c9%99sasli-yem%c9%99kl%c9%99r\/#breadcrumb"},"inLanguage":"ru-RU","potentialAction":[{"@type":"ReadAction","target":["https:\/\/calmway.codelibry.dev\/m\u0259hsul\/bitki-%c9%99sasli-yem%c9%99kl%c9%99r\/"]}]},{"@type":"ImageObject","inLanguage":"ru-RU","@id":"https:\/\/calmway.codelibry.dev\/m\u0259hsul\/bitki-%c9%99sasli-yem%c9%99kl%c9%99r\/#primaryimage","url":"https:\/\/calmway.codelibry.dev\/wp-content\/uploads\/2025\/11\/Plant-Powered-Plates_img.png","contentUrl":"https:\/\/calmway.codelibry.dev\/wp-content\/uploads\/2025\/11\/Plant-Powered-Plates_img.png","width":2000,"height":2000},{"@type":"BreadcrumbList","@id":"https:\/\/calmway.codelibry.dev\/m\u0259hsul\/bitki-%c9%99sasli-yem%c9%99kl%c9%99r\/#breadcrumb","itemListElement":[{"@type":"ListItem","position":1,"name":"\u0413\u043b\u0430\u0432\u043d\u0430\u044f \u0441\u0442\u0440\u0430\u043d\u0438\u0446\u0430","item":"https:\/\/calmway.codelibry.dev\/"},{"@type":"ListItem","position":2,"name":"\u041c\u0430\u0433\u0430\u0437\u0438\u043d","item":"https:\/\/calmway.codelibry.dev\/ru\/shop\/"},{"@type":"ListItem","position":3,"name":"Bitki \u018fsasl\u0131 Yem\u0259kl\u0259r"}]},{"@type":"WebSite","@id":"https:\/\/calmway.codelibry.dev\/#website","url":"https:\/\/calmway.codelibry.dev\/","name":"Calming practices","description":"","potentialAction":[{"@type":"SearchAction","target":{"@type":"EntryPoint","urlTemplate":"https:\/\/calmway.codelibry.dev\/?s={search_term_string}"},"query-input":{"@type":"PropertyValueSpecification","valueRequired":true,"valueName":"search_term_string"}}],"inLanguage":"ru-RU"}]}},"_links":{"self":[{"href":"https:\/\/calmway.codelibry.dev\/ru\/wp-json\/wp\/v2\/product\/4817","targetHints":{"allow":["GET"]}}],"collection":[{"href":"https:\/\/calmway.codelibry.dev\/ru\/wp-json\/wp\/v2\/product"}],"about":[{"href":"https:\/\/calmway.codelibry.dev\/ru\/wp-json\/wp\/v2\/types\/product"}],"replies":[{"embeddable":true,"href":"https:\/\/calmway.codelibry.dev\/ru\/wp-json\/wp\/v2\/comments?post=4817"}],"wp:featuredmedia":[{"embeddable":true,"href":"https:\/\/calmway.codelibry.dev\/ru\/wp-json\/wp\/v2\/media\/5789"}],"wp:attachment":[{"href":"https:\/\/calmway.codelibry.dev\/ru\/wp-json\/wp\/v2\/media?parent=4817"}],"wp:term":[{"taxonomy":"product_brand","embeddable":true,"href":"https:\/\/calmway.codelibry.dev\/ru\/wp-json\/wp\/v2\/product_brand?post=4817"},{"taxonomy":"product_cat","embeddable":true,"href":"https:\/\/calmway.codelibry.dev\/ru\/wp-json\/wp\/v2\/product_cat?post=4817"},{"taxonomy":"product_tag","embeddable":true,"href":"https:\/\/calmway.codelibry.dev\/ru\/wp-json\/wp\/v2\/product_tag?post=4817"},{"taxonomy":"product_language","embeddable":true,"href":"https:\/\/calmway.codelibry.dev\/ru\/wp-json\/wp\/v2\/product_language?post=4817"}],"curies":[{"name":"wp","href":"https:\/\/api.w.org\/{rel}","templated":true}]}}