{"id":4815,"date":"2025-11-03T10:43:56","date_gmt":"2025-11-03T10:43:56","guid":{"rendered":"https:\/\/calmway.codelibry.dev\/?post_type=product&#038;p=4815"},"modified":"2025-12-03T14:36:10","modified_gmt":"2025-12-03T14:36:10","slug":"t%c9%99mizl%c9%99m%c9%99-v%c9%99-parilti-reseptl%c9%99ri","status":"publish","type":"product","link":"https:\/\/calmway.codelibry.dev\/ru\/m\u0259hsul\/t%c9%99mizl%c9%99m%c9%99-v%c9%99-parilti-reseptl%c9%99ri\/","title":{"rendered":"T\u0259mizl\u0259m\u0259 V\u0259 Par\u0131lt\u0131 Reseptl\u0259ri"},"content":{"rendered":"<p>Orqanizmin t\u0259bii t\u0259mizl\u0259nm\u0259 prosesini yum\u015faq \u015f\u0259kild\u0259 d\u0259st\u0259kl\u0259y\u0259n v\u0259 d\u0259riy\u0259 daha sa\u011flam parlaql\u0131q ver\u0259n y\u00fcng\u00fcl detoks reseptl\u0259ri toplusudur. Yem\u0259kl\u0259rd\u0259 qaraciy\u0259r, b\u00f6yr\u0259kl\u0259r, limfa sistemi v\u0259 d\u0259ri \u00fc\u00e7\u00fcn iltihab\u0259leyhin\u0259 v\u0259 antioksidant m\u0259hsullar birl\u0259\u015fdirilir.<\/p>\n<p>Daxild\u0259:<br \/>\n\u2022 ya\u015f\u0131l qablar, qaraciy\u0259r \u00fc\u00e7\u00fcn salatlar, b\u00f6yr\u0259kl\u0259r v\u0259 limfa ax\u0131n\u0131na d\u0259st\u0259k olan isti yem\u0259kl\u0259rin reseptl\u0259ri;<br \/>\n\u2022 antioksidant, lif v\u0259 omega-3-l\u0259 z\u0259ngin m\u0259hsullar;<br \/>\n\u2022 g\u00fcnd\u0259lik istifad\u0259 \u00fc\u00e7\u00fcn rahat inqrediyent siyah\u0131lar\u0131 v\u0259 sad\u0259 add\u0131m-add\u0131m t\u0259limatlar.<\/p>\n<p>Format: enerji v\u0259 parlaq d\u0259ri \u00fc\u00e7\u00fcn detoks reseptl\u0259ri olan y\u00fckl\u0259n\u0259 bil\u0259n PDF fayl.<\/p>\n","protected":false},"excerpt":{"rendered":"<p>Orqanizmin t\u0259bii t\u0259mizl\u0259nm\u0259 prosesini yum\u015faq \u015f\u0259kild\u0259 d\u0259st\u0259kl\u0259y\u0259n v\u0259 d\u0259riy\u0259 daha sa\u011flam parlaql\u0131q ver\u0259n y\u00fcng\u00fcl detoks reseptl\u0259ri toplusudur. Yem\u0259kl\u0259rd\u0259 qaraciy\u0259r, b\u00f6yr\u0259kl\u0259r, limfa sistemi v\u0259 d\u0259ri \u00fc\u00e7\u00fcn iltihab\u0259leyhin\u0259 v\u0259 antioksidant m\u0259hsullar birl\u0259\u015fdirilir. Daxild\u0259: \u2022 ya\u015f\u0131l qablar, qaraciy\u0259r \u00fc\u00e7\u00fcn salatlar, b\u00f6yr\u0259kl\u0259r v\u0259 limfa ax\u0131n\u0131na d\u0259st\u0259k olan isti yem\u0259kl\u0259rin reseptl\u0259ri; \u2022 antioksidant, lif v\u0259 omega-3-l\u0259 z\u0259ngin m\u0259hsullar; \u2022 g\u00fcnd\u0259lik [&hellip;]<\/p>\n","protected":false},"featured_media":5796,"comment_status":"open","ping_status":"closed","template":"","meta":{"_acf_changed":false,"inline_featured_image":false},"product_brand":[],"product_cat":[101],"product_tag":[],"product_language":[88],"class_list":{"0":"post-4815","1":"product","2":"type-product","3":"status-publish","4":"has-post-thumbnail","6":"product_cat-mindfuleating","7":"product_language-az","9":"first","10":"instock","11":"downloadable","12":"shipping-taxable","13":"purchasable","14":"product-type-simple"},"acf":[],"yoast_head":"<!-- This site is optimized with the Yoast SEO plugin v26.2 - https:\/\/yoast.com\/wordpress\/plugins\/seo\/ -->\n<title>T\u0259mizl\u0259m\u0259 V\u0259 Par\u0131lt\u0131 Reseptl\u0259ri - Calming practices<\/title>\n<meta name=\"robots\" content=\"noindex, follow, max-snippet:-1, max-image-preview:large, max-video-preview:-1\" \/>\n<meta property=\"og:locale\" content=\"ru_RU\" \/>\n<meta property=\"og:type\" content=\"article\" \/>\n<meta property=\"og:title\" content=\"T\u0259mizl\u0259m\u0259 V\u0259 Par\u0131lt\u0131 Reseptl\u0259ri - Calming practices\" \/>\n<meta property=\"og:description\" content=\"Orqanizmin t\u0259bii t\u0259mizl\u0259nm\u0259 prosesini yum\u015faq \u015f\u0259kild\u0259 d\u0259st\u0259kl\u0259y\u0259n v\u0259 d\u0259riy\u0259 daha sa\u011flam parlaql\u0131q ver\u0259n y\u00fcng\u00fcl detoks reseptl\u0259ri toplusudur. Yem\u0259kl\u0259rd\u0259 qaraciy\u0259r, b\u00f6yr\u0259kl\u0259r, limfa sistemi v\u0259 d\u0259ri \u00fc\u00e7\u00fcn iltihab\u0259leyhin\u0259 v\u0259 antioksidant m\u0259hsullar birl\u0259\u015fdirilir. Daxild\u0259: \u2022 ya\u015f\u0131l qablar, qaraciy\u0259r \u00fc\u00e7\u00fcn salatlar, b\u00f6yr\u0259kl\u0259r v\u0259 limfa ax\u0131n\u0131na d\u0259st\u0259k olan isti yem\u0259kl\u0259rin reseptl\u0259ri; \u2022 antioksidant, lif v\u0259 omega-3-l\u0259 z\u0259ngin m\u0259hsullar; \u2022 g\u00fcnd\u0259lik [&hellip;]\" \/>\n<meta property=\"og:url\" content=\"https:\/\/calmway.codelibry.dev\/m\u0259hsul\/t\u0259mizl\u0259m\u0259-v\u0259-parilti-reseptl\u0259ri\/\" \/>\n<meta property=\"og:site_name\" content=\"Calming practices\" \/>\n<meta property=\"article:modified_time\" content=\"2025-12-03T14:36:10+00:00\" \/>\n<meta property=\"og:image\" content=\"https:\/\/calmway.codelibry.dev\/wp-content\/uploads\/2025\/11\/Cleanse-Glow-Recipes_img-1024x1024.png\" \/>\n\t<meta property=\"og:image:width\" content=\"1024\" \/>\n\t<meta property=\"og:image:height\" content=\"1024\" \/>\n\t<meta property=\"og:image:type\" content=\"image\/png\" \/>\n<meta name=\"twitter:card\" content=\"summary_large_image\" \/>\n<meta name=\"twitter:label1\" content=\"\u041f\u0440\u0438\u043c\u0435\u0440\u043d\u043e\u0435 \u0432\u0440\u0435\u043c\u044f \u0434\u043b\u044f \u0447\u0442\u0435\u043d\u0438\u044f\" \/>\n\t<meta name=\"twitter:data1\" content=\"1 \u043c\u0438\u043d\u0443\u0442\u0430\" \/>\n<script type=\"application\/ld+json\" class=\"yoast-schema-graph\">{\"@context\":\"https:\/\/schema.org\",\"@graph\":[{\"@type\":\"WebPage\",\"@id\":\"https:\/\/calmway.codelibry.dev\/m\u0259hsul\/t%c9%99mizl%c9%99m%c9%99-v%c9%99-parilti-reseptl%c9%99ri\/\",\"url\":\"https:\/\/calmway.codelibry.dev\/m\u0259hsul\/t%c9%99mizl%c9%99m%c9%99-v%c9%99-parilti-reseptl%c9%99ri\/\",\"name\":\"T\u0259mizl\u0259m\u0259 V\u0259 Par\u0131lt\u0131 Reseptl\u0259ri - Calming practices\",\"isPartOf\":{\"@id\":\"https:\/\/calmway.codelibry.dev\/#website\"},\"primaryImageOfPage\":{\"@id\":\"https:\/\/calmway.codelibry.dev\/m\u0259hsul\/t%c9%99mizl%c9%99m%c9%99-v%c9%99-parilti-reseptl%c9%99ri\/#primaryimage\"},\"image\":{\"@id\":\"https:\/\/calmway.codelibry.dev\/m\u0259hsul\/t%c9%99mizl%c9%99m%c9%99-v%c9%99-parilti-reseptl%c9%99ri\/#primaryimage\"},\"thumbnailUrl\":\"https:\/\/calmway.codelibry.dev\/wp-content\/uploads\/2025\/11\/Cleanse-Glow-Recipes_img.png\",\"datePublished\":\"2025-11-03T10:43:56+00:00\",\"dateModified\":\"2025-12-03T14:36:10+00:00\",\"breadcrumb\":{\"@id\":\"https:\/\/calmway.codelibry.dev\/m\u0259hsul\/t%c9%99mizl%c9%99m%c9%99-v%c9%99-parilti-reseptl%c9%99ri\/#breadcrumb\"},\"inLanguage\":\"ru-RU\",\"potentialAction\":[{\"@type\":\"ReadAction\",\"target\":[\"https:\/\/calmway.codelibry.dev\/m\u0259hsul\/t%c9%99mizl%c9%99m%c9%99-v%c9%99-parilti-reseptl%c9%99ri\/\"]}]},{\"@type\":\"ImageObject\",\"inLanguage\":\"ru-RU\",\"@id\":\"https:\/\/calmway.codelibry.dev\/m\u0259hsul\/t%c9%99mizl%c9%99m%c9%99-v%c9%99-parilti-reseptl%c9%99ri\/#primaryimage\",\"url\":\"https:\/\/calmway.codelibry.dev\/wp-content\/uploads\/2025\/11\/Cleanse-Glow-Recipes_img.png\",\"contentUrl\":\"https:\/\/calmway.codelibry.dev\/wp-content\/uploads\/2025\/11\/Cleanse-Glow-Recipes_img.png\",\"width\":2000,\"height\":2000},{\"@type\":\"BreadcrumbList\",\"@id\":\"https:\/\/calmway.codelibry.dev\/m\u0259hsul\/t%c9%99mizl%c9%99m%c9%99-v%c9%99-parilti-reseptl%c9%99ri\/#breadcrumb\",\"itemListElement\":[{\"@type\":\"ListItem\",\"position\":1,\"name\":\"\u0413\u043b\u0430\u0432\u043d\u0430\u044f \u0441\u0442\u0440\u0430\u043d\u0438\u0446\u0430\",\"item\":\"https:\/\/calmway.codelibry.dev\/\"},{\"@type\":\"ListItem\",\"position\":2,\"name\":\"\u041c\u0430\u0433\u0430\u0437\u0438\u043d\",\"item\":\"https:\/\/calmway.codelibry.dev\/ru\/shop\/\"},{\"@type\":\"ListItem\",\"position\":3,\"name\":\"T\u0259mizl\u0259m\u0259 V\u0259 Par\u0131lt\u0131 Reseptl\u0259ri\"}]},{\"@type\":\"WebSite\",\"@id\":\"https:\/\/calmway.codelibry.dev\/#website\",\"url\":\"https:\/\/calmway.codelibry.dev\/\",\"name\":\"Calming practices\",\"description\":\"\",\"potentialAction\":[{\"@type\":\"SearchAction\",\"target\":{\"@type\":\"EntryPoint\",\"urlTemplate\":\"https:\/\/calmway.codelibry.dev\/?s={search_term_string}\"},\"query-input\":{\"@type\":\"PropertyValueSpecification\",\"valueRequired\":true,\"valueName\":\"search_term_string\"}}],\"inLanguage\":\"ru-RU\"}]}<\/script>\n<!-- \/ Yoast SEO plugin. -->","yoast_head_json":{"title":"T\u0259mizl\u0259m\u0259 V\u0259 Par\u0131lt\u0131 Reseptl\u0259ri - Calming practices","robots":{"index":"noindex","follow":"follow","max-snippet":"max-snippet:-1","max-image-preview":"max-image-preview:large","max-video-preview":"max-video-preview:-1"},"og_locale":"ru_RU","og_type":"article","og_title":"T\u0259mizl\u0259m\u0259 V\u0259 Par\u0131lt\u0131 Reseptl\u0259ri - Calming practices","og_description":"Orqanizmin t\u0259bii t\u0259mizl\u0259nm\u0259 prosesini yum\u015faq \u015f\u0259kild\u0259 d\u0259st\u0259kl\u0259y\u0259n v\u0259 d\u0259riy\u0259 daha sa\u011flam parlaql\u0131q ver\u0259n y\u00fcng\u00fcl detoks reseptl\u0259ri toplusudur. Yem\u0259kl\u0259rd\u0259 qaraciy\u0259r, b\u00f6yr\u0259kl\u0259r, limfa sistemi v\u0259 d\u0259ri \u00fc\u00e7\u00fcn iltihab\u0259leyhin\u0259 v\u0259 antioksidant m\u0259hsullar birl\u0259\u015fdirilir. Daxild\u0259: \u2022 ya\u015f\u0131l qablar, qaraciy\u0259r \u00fc\u00e7\u00fcn salatlar, b\u00f6yr\u0259kl\u0259r v\u0259 limfa ax\u0131n\u0131na d\u0259st\u0259k olan isti yem\u0259kl\u0259rin reseptl\u0259ri; \u2022 antioksidant, lif v\u0259 omega-3-l\u0259 z\u0259ngin m\u0259hsullar; \u2022 g\u00fcnd\u0259lik [&hellip;]","og_url":"https:\/\/calmway.codelibry.dev\/m\u0259hsul\/t\u0259mizl\u0259m\u0259-v\u0259-parilti-reseptl\u0259ri\/","og_site_name":"Calming practices","article_modified_time":"2025-12-03T14:36:10+00:00","og_image":[{"width":1024,"height":1024,"url":"https:\/\/calmway.codelibry.dev\/wp-content\/uploads\/2025\/11\/Cleanse-Glow-Recipes_img-1024x1024.png","type":"image\/png"}],"twitter_card":"summary_large_image","twitter_misc":{"\u041f\u0440\u0438\u043c\u0435\u0440\u043d\u043e\u0435 \u0432\u0440\u0435\u043c\u044f \u0434\u043b\u044f \u0447\u0442\u0435\u043d\u0438\u044f":"1 \u043c\u0438\u043d\u0443\u0442\u0430"},"schema":{"@context":"https:\/\/schema.org","@graph":[{"@type":"WebPage","@id":"https:\/\/calmway.codelibry.dev\/m\u0259hsul\/t%c9%99mizl%c9%99m%c9%99-v%c9%99-parilti-reseptl%c9%99ri\/","url":"https:\/\/calmway.codelibry.dev\/m\u0259hsul\/t%c9%99mizl%c9%99m%c9%99-v%c9%99-parilti-reseptl%c9%99ri\/","name":"T\u0259mizl\u0259m\u0259 V\u0259 Par\u0131lt\u0131 Reseptl\u0259ri - Calming practices","isPartOf":{"@id":"https:\/\/calmway.codelibry.dev\/#website"},"primaryImageOfPage":{"@id":"https:\/\/calmway.codelibry.dev\/m\u0259hsul\/t%c9%99mizl%c9%99m%c9%99-v%c9%99-parilti-reseptl%c9%99ri\/#primaryimage"},"image":{"@id":"https:\/\/calmway.codelibry.dev\/m\u0259hsul\/t%c9%99mizl%c9%99m%c9%99-v%c9%99-parilti-reseptl%c9%99ri\/#primaryimage"},"thumbnailUrl":"https:\/\/calmway.codelibry.dev\/wp-content\/uploads\/2025\/11\/Cleanse-Glow-Recipes_img.png","datePublished":"2025-11-03T10:43:56+00:00","dateModified":"2025-12-03T14:36:10+00:00","breadcrumb":{"@id":"https:\/\/calmway.codelibry.dev\/m\u0259hsul\/t%c9%99mizl%c9%99m%c9%99-v%c9%99-parilti-reseptl%c9%99ri\/#breadcrumb"},"inLanguage":"ru-RU","potentialAction":[{"@type":"ReadAction","target":["https:\/\/calmway.codelibry.dev\/m\u0259hsul\/t%c9%99mizl%c9%99m%c9%99-v%c9%99-parilti-reseptl%c9%99ri\/"]}]},{"@type":"ImageObject","inLanguage":"ru-RU","@id":"https:\/\/calmway.codelibry.dev\/m\u0259hsul\/t%c9%99mizl%c9%99m%c9%99-v%c9%99-parilti-reseptl%c9%99ri\/#primaryimage","url":"https:\/\/calmway.codelibry.dev\/wp-content\/uploads\/2025\/11\/Cleanse-Glow-Recipes_img.png","contentUrl":"https:\/\/calmway.codelibry.dev\/wp-content\/uploads\/2025\/11\/Cleanse-Glow-Recipes_img.png","width":2000,"height":2000},{"@type":"BreadcrumbList","@id":"https:\/\/calmway.codelibry.dev\/m\u0259hsul\/t%c9%99mizl%c9%99m%c9%99-v%c9%99-parilti-reseptl%c9%99ri\/#breadcrumb","itemListElement":[{"@type":"ListItem","position":1,"name":"\u0413\u043b\u0430\u0432\u043d\u0430\u044f \u0441\u0442\u0440\u0430\u043d\u0438\u0446\u0430","item":"https:\/\/calmway.codelibry.dev\/"},{"@type":"ListItem","position":2,"name":"\u041c\u0430\u0433\u0430\u0437\u0438\u043d","item":"https:\/\/calmway.codelibry.dev\/ru\/shop\/"},{"@type":"ListItem","position":3,"name":"T\u0259mizl\u0259m\u0259 V\u0259 Par\u0131lt\u0131 Reseptl\u0259ri"}]},{"@type":"WebSite","@id":"https:\/\/calmway.codelibry.dev\/#website","url":"https:\/\/calmway.codelibry.dev\/","name":"Calming practices","description":"","potentialAction":[{"@type":"SearchAction","target":{"@type":"EntryPoint","urlTemplate":"https:\/\/calmway.codelibry.dev\/?s={search_term_string}"},"query-input":{"@type":"PropertyValueSpecification","valueRequired":true,"valueName":"search_term_string"}}],"inLanguage":"ru-RU"}]}},"_links":{"self":[{"href":"https:\/\/calmway.codelibry.dev\/ru\/wp-json\/wp\/v2\/product\/4815","targetHints":{"allow":["GET"]}}],"collection":[{"href":"https:\/\/calmway.codelibry.dev\/ru\/wp-json\/wp\/v2\/product"}],"about":[{"href":"https:\/\/calmway.codelibry.dev\/ru\/wp-json\/wp\/v2\/types\/product"}],"replies":[{"embeddable":true,"href":"https:\/\/calmway.codelibry.dev\/ru\/wp-json\/wp\/v2\/comments?post=4815"}],"wp:featuredmedia":[{"embeddable":true,"href":"https:\/\/calmway.codelibry.dev\/ru\/wp-json\/wp\/v2\/media\/5796"}],"wp:attachment":[{"href":"https:\/\/calmway.codelibry.dev\/ru\/wp-json\/wp\/v2\/media?parent=4815"}],"wp:term":[{"taxonomy":"product_brand","embeddable":true,"href":"https:\/\/calmway.codelibry.dev\/ru\/wp-json\/wp\/v2\/product_brand?post=4815"},{"taxonomy":"product_cat","embeddable":true,"href":"https:\/\/calmway.codelibry.dev\/ru\/wp-json\/wp\/v2\/product_cat?post=4815"},{"taxonomy":"product_tag","embeddable":true,"href":"https:\/\/calmway.codelibry.dev\/ru\/wp-json\/wp\/v2\/product_tag?post=4815"},{"taxonomy":"product_language","embeddable":true,"href":"https:\/\/calmway.codelibry.dev\/ru\/wp-json\/wp\/v2\/product_language?post=4815"}],"curies":[{"name":"wp","href":"https:\/\/api.w.org\/{rel}","templated":true}]}}