{"id":4821,"date":"2025-11-03T10:43:56","date_gmt":"2025-11-03T10:43:56","guid":{"rendered":"https:\/\/calmway.codelibry.dev\/?post_type=product&#038;p=4821"},"modified":"2025-12-03T14:38:52","modified_gmt":"2025-12-03T14:38:52","slug":"rahat-yuxu-m%c9%99tb%c9%99xi","status":"publish","type":"product","link":"https:\/\/calmway.codelibry.dev\/en\/m\u0259hsul\/rahat-yuxu-m%c9%99tb%c9%99xi\/","title":{"rendered":"Rahat Yuxu M\u0259tb\u0259xi"},"content":{"rendered":"<p>Ax\u015fam rahatlama\u011fa v\u0259 b\u0259d\u0259ni b\u0259rpaedici yuxuya haz\u0131rlama\u011fa k\u00f6m\u0259k ed\u0259n reseptl\u0259r toplusudur. Yem\u0259kl\u0259r h\u0259zm \u00fc\u00e7\u00fcn y\u00fcng\u00fcld\u00fcr v\u0259 t\u0259bii yuxu ritml\u0259rini d\u0259st\u0259kl\u0259yir.<\/p>\n<p>Daxild\u0259:<br \/>\n\u2022 kefirli-gil\u0259meyv\u0259li smuzi, bitki \u00e7ayl\u0131 isti yulaf s\u0131y\u0131\u011f\u0131, y\u00fcng\u00fcl ax\u015fam salatlar\u0131 v\u0259 desertl\u0259rin reseptl\u0259ri;<br \/>\n\u2022 rahatlama v\u0259 sa\u011flam yuxu d\u00f6vrl\u0259rini d\u0259st\u0259kl\u0259y\u0259n inqrediyentl\u0259r;<br \/>\n\u2022 sakit ax\u015fam rituallar\u0131na uy\u011fun sad\u0259 bi\u015firm\u0259 t\u0259limatlar\u0131.<\/p>\n<p>Format: daha d\u0259rin v\u0259 keyfiyy\u0259tli yuxu \u00fc\u00e7\u00fcn ax\u015fam reseptl\u0259ri olan y\u00fckl\u0259n\u0259 bil\u0259n PDF fayl.<\/p>\n","protected":false},"excerpt":{"rendered":"<p>Ax\u015fam rahatlama\u011fa v\u0259 b\u0259d\u0259ni b\u0259rpaedici yuxuya haz\u0131rlama\u011fa k\u00f6m\u0259k ed\u0259n reseptl\u0259r toplusudur. Yem\u0259kl\u0259r h\u0259zm \u00fc\u00e7\u00fcn y\u00fcng\u00fcld\u00fcr v\u0259 t\u0259bii yuxu ritml\u0259rini d\u0259st\u0259kl\u0259yir. Daxild\u0259: \u2022 kefirli-gil\u0259meyv\u0259li smuzi, bitki \u00e7ayl\u0131 isti yulaf s\u0131y\u0131\u011f\u0131, y\u00fcng\u00fcl ax\u015fam salatlar\u0131 v\u0259 desertl\u0259rin reseptl\u0259ri; \u2022 rahatlama v\u0259 sa\u011flam yuxu d\u00f6vrl\u0259rini d\u0259st\u0259kl\u0259y\u0259n inqrediyentl\u0259r; \u2022 sakit ax\u015fam rituallar\u0131na uy\u011fun sad\u0259 bi\u015firm\u0259 t\u0259limatlar\u0131. Format: daha d\u0259rin v\u0259 [&hellip;]<\/p>\n","protected":false},"featured_media":5791,"comment_status":"open","ping_status":"closed","template":"","meta":{"_acf_changed":false,"inline_featured_image":false},"product_brand":[],"product_cat":[101],"product_tag":[],"product_language":[88],"class_list":{"0":"post-4821","1":"product","2":"type-product","3":"status-publish","4":"has-post-thumbnail","6":"product_cat-mindfuleating","7":"product_language-az","9":"first","10":"instock","11":"downloadable","12":"shipping-taxable","13":"purchasable","14":"product-type-simple"},"acf":[],"yoast_head":"<!-- This site is optimized with the Yoast SEO plugin v26.2 - https:\/\/yoast.com\/wordpress\/plugins\/seo\/ -->\n<title>Rahat Yuxu M\u0259tb\u0259xi - Calming practices<\/title>\n<meta name=\"robots\" content=\"noindex, follow, max-snippet:-1, max-image-preview:large, max-video-preview:-1\" \/>\n<meta property=\"og:locale\" content=\"en_US\" \/>\n<meta property=\"og:type\" content=\"article\" \/>\n<meta property=\"og:title\" content=\"Rahat Yuxu M\u0259tb\u0259xi - Calming practices\" \/>\n<meta property=\"og:description\" content=\"Ax\u015fam rahatlama\u011fa v\u0259 b\u0259d\u0259ni b\u0259rpaedici yuxuya haz\u0131rlama\u011fa k\u00f6m\u0259k ed\u0259n reseptl\u0259r toplusudur. Yem\u0259kl\u0259r h\u0259zm \u00fc\u00e7\u00fcn y\u00fcng\u00fcld\u00fcr v\u0259 t\u0259bii yuxu ritml\u0259rini d\u0259st\u0259kl\u0259yir. Daxild\u0259: \u2022 kefirli-gil\u0259meyv\u0259li smuzi, bitki \u00e7ayl\u0131 isti yulaf s\u0131y\u0131\u011f\u0131, y\u00fcng\u00fcl ax\u015fam salatlar\u0131 v\u0259 desertl\u0259rin reseptl\u0259ri; \u2022 rahatlama v\u0259 sa\u011flam yuxu d\u00f6vrl\u0259rini d\u0259st\u0259kl\u0259y\u0259n inqrediyentl\u0259r; \u2022 sakit ax\u015fam rituallar\u0131na uy\u011fun sad\u0259 bi\u015firm\u0259 t\u0259limatlar\u0131. Format: daha d\u0259rin v\u0259 [&hellip;]\" \/>\n<meta property=\"og:url\" content=\"https:\/\/calmway.codelibry.dev\/m\u0259hsul\/rahat-yuxu-m\u0259tb\u0259xi\/\" \/>\n<meta property=\"og:site_name\" content=\"Calming practices\" \/>\n<meta property=\"article:modified_time\" content=\"2025-12-03T14:38:52+00:00\" \/>\n<meta property=\"og:image\" content=\"https:\/\/calmway.codelibry.dev\/wp-content\/uploads\/2025\/11\/Sleep-Well-Kitchen_img-1024x1024.png\" \/>\n\t<meta property=\"og:image:width\" content=\"1024\" \/>\n\t<meta property=\"og:image:height\" content=\"1024\" \/>\n\t<meta property=\"og:image:type\" content=\"image\/png\" \/>\n<meta name=\"twitter:card\" content=\"summary_large_image\" \/>\n<meta name=\"twitter:label1\" content=\"Est. reading time\" \/>\n\t<meta name=\"twitter:data1\" content=\"1 minute\" \/>\n<script type=\"application\/ld+json\" class=\"yoast-schema-graph\">{\"@context\":\"https:\/\/schema.org\",\"@graph\":[{\"@type\":\"WebPage\",\"@id\":\"https:\/\/calmway.codelibry.dev\/m\u0259hsul\/rahat-yuxu-m%c9%99tb%c9%99xi\/\",\"url\":\"https:\/\/calmway.codelibry.dev\/m\u0259hsul\/rahat-yuxu-m%c9%99tb%c9%99xi\/\",\"name\":\"Rahat Yuxu M\u0259tb\u0259xi - Calming practices\",\"isPartOf\":{\"@id\":\"https:\/\/calmway.codelibry.dev\/#website\"},\"primaryImageOfPage\":{\"@id\":\"https:\/\/calmway.codelibry.dev\/m\u0259hsul\/rahat-yuxu-m%c9%99tb%c9%99xi\/#primaryimage\"},\"image\":{\"@id\":\"https:\/\/calmway.codelibry.dev\/m\u0259hsul\/rahat-yuxu-m%c9%99tb%c9%99xi\/#primaryimage\"},\"thumbnailUrl\":\"https:\/\/calmway.codelibry.dev\/wp-content\/uploads\/2025\/11\/Sleep-Well-Kitchen_img.png\",\"datePublished\":\"2025-11-03T10:43:56+00:00\",\"dateModified\":\"2025-12-03T14:38:52+00:00\",\"breadcrumb\":{\"@id\":\"https:\/\/calmway.codelibry.dev\/m\u0259hsul\/rahat-yuxu-m%c9%99tb%c9%99xi\/#breadcrumb\"},\"inLanguage\":\"en-US\",\"potentialAction\":[{\"@type\":\"ReadAction\",\"target\":[\"https:\/\/calmway.codelibry.dev\/m\u0259hsul\/rahat-yuxu-m%c9%99tb%c9%99xi\/\"]}]},{\"@type\":\"ImageObject\",\"inLanguage\":\"en-US\",\"@id\":\"https:\/\/calmway.codelibry.dev\/m\u0259hsul\/rahat-yuxu-m%c9%99tb%c9%99xi\/#primaryimage\",\"url\":\"https:\/\/calmway.codelibry.dev\/wp-content\/uploads\/2025\/11\/Sleep-Well-Kitchen_img.png\",\"contentUrl\":\"https:\/\/calmway.codelibry.dev\/wp-content\/uploads\/2025\/11\/Sleep-Well-Kitchen_img.png\",\"width\":2000,\"height\":2000},{\"@type\":\"BreadcrumbList\",\"@id\":\"https:\/\/calmway.codelibry.dev\/m\u0259hsul\/rahat-yuxu-m%c9%99tb%c9%99xi\/#breadcrumb\",\"itemListElement\":[{\"@type\":\"ListItem\",\"position\":1,\"name\":\"\u0413\u043b\u0430\u0432\u043d\u0430\u044f \u0441\u0442\u0440\u0430\u043d\u0438\u0446\u0430\",\"item\":\"https:\/\/calmway.codelibry.dev\/\"},{\"@type\":\"ListItem\",\"position\":2,\"name\":\"Catalog\",\"item\":\"https:\/\/calmway.codelibry.dev\/shop\/\"},{\"@type\":\"ListItem\",\"position\":3,\"name\":\"Rahat Yuxu M\u0259tb\u0259xi\"}]},{\"@type\":\"WebSite\",\"@id\":\"https:\/\/calmway.codelibry.dev\/#website\",\"url\":\"https:\/\/calmway.codelibry.dev\/\",\"name\":\"Calming practices\",\"description\":\"\",\"potentialAction\":[{\"@type\":\"SearchAction\",\"target\":{\"@type\":\"EntryPoint\",\"urlTemplate\":\"https:\/\/calmway.codelibry.dev\/?s={search_term_string}\"},\"query-input\":{\"@type\":\"PropertyValueSpecification\",\"valueRequired\":true,\"valueName\":\"search_term_string\"}}],\"inLanguage\":\"en-US\"}]}<\/script>\n<!-- \/ Yoast SEO plugin. -->","yoast_head_json":{"title":"Rahat Yuxu M\u0259tb\u0259xi - Calming practices","robots":{"index":"noindex","follow":"follow","max-snippet":"max-snippet:-1","max-image-preview":"max-image-preview:large","max-video-preview":"max-video-preview:-1"},"og_locale":"en_US","og_type":"article","og_title":"Rahat Yuxu M\u0259tb\u0259xi - Calming practices","og_description":"Ax\u015fam rahatlama\u011fa v\u0259 b\u0259d\u0259ni b\u0259rpaedici yuxuya haz\u0131rlama\u011fa k\u00f6m\u0259k ed\u0259n reseptl\u0259r toplusudur. Yem\u0259kl\u0259r h\u0259zm \u00fc\u00e7\u00fcn y\u00fcng\u00fcld\u00fcr v\u0259 t\u0259bii yuxu ritml\u0259rini d\u0259st\u0259kl\u0259yir. Daxild\u0259: \u2022 kefirli-gil\u0259meyv\u0259li smuzi, bitki \u00e7ayl\u0131 isti yulaf s\u0131y\u0131\u011f\u0131, y\u00fcng\u00fcl ax\u015fam salatlar\u0131 v\u0259 desertl\u0259rin reseptl\u0259ri; \u2022 rahatlama v\u0259 sa\u011flam yuxu d\u00f6vrl\u0259rini d\u0259st\u0259kl\u0259y\u0259n inqrediyentl\u0259r; \u2022 sakit ax\u015fam rituallar\u0131na uy\u011fun sad\u0259 bi\u015firm\u0259 t\u0259limatlar\u0131. Format: daha d\u0259rin v\u0259 [&hellip;]","og_url":"https:\/\/calmway.codelibry.dev\/m\u0259hsul\/rahat-yuxu-m\u0259tb\u0259xi\/","og_site_name":"Calming practices","article_modified_time":"2025-12-03T14:38:52+00:00","og_image":[{"width":1024,"height":1024,"url":"https:\/\/calmway.codelibry.dev\/wp-content\/uploads\/2025\/11\/Sleep-Well-Kitchen_img-1024x1024.png","type":"image\/png"}],"twitter_card":"summary_large_image","twitter_misc":{"Est. reading time":"1 minute"},"schema":{"@context":"https:\/\/schema.org","@graph":[{"@type":"WebPage","@id":"https:\/\/calmway.codelibry.dev\/m\u0259hsul\/rahat-yuxu-m%c9%99tb%c9%99xi\/","url":"https:\/\/calmway.codelibry.dev\/m\u0259hsul\/rahat-yuxu-m%c9%99tb%c9%99xi\/","name":"Rahat Yuxu M\u0259tb\u0259xi - Calming practices","isPartOf":{"@id":"https:\/\/calmway.codelibry.dev\/#website"},"primaryImageOfPage":{"@id":"https:\/\/calmway.codelibry.dev\/m\u0259hsul\/rahat-yuxu-m%c9%99tb%c9%99xi\/#primaryimage"},"image":{"@id":"https:\/\/calmway.codelibry.dev\/m\u0259hsul\/rahat-yuxu-m%c9%99tb%c9%99xi\/#primaryimage"},"thumbnailUrl":"https:\/\/calmway.codelibry.dev\/wp-content\/uploads\/2025\/11\/Sleep-Well-Kitchen_img.png","datePublished":"2025-11-03T10:43:56+00:00","dateModified":"2025-12-03T14:38:52+00:00","breadcrumb":{"@id":"https:\/\/calmway.codelibry.dev\/m\u0259hsul\/rahat-yuxu-m%c9%99tb%c9%99xi\/#breadcrumb"},"inLanguage":"en-US","potentialAction":[{"@type":"ReadAction","target":["https:\/\/calmway.codelibry.dev\/m\u0259hsul\/rahat-yuxu-m%c9%99tb%c9%99xi\/"]}]},{"@type":"ImageObject","inLanguage":"en-US","@id":"https:\/\/calmway.codelibry.dev\/m\u0259hsul\/rahat-yuxu-m%c9%99tb%c9%99xi\/#primaryimage","url":"https:\/\/calmway.codelibry.dev\/wp-content\/uploads\/2025\/11\/Sleep-Well-Kitchen_img.png","contentUrl":"https:\/\/calmway.codelibry.dev\/wp-content\/uploads\/2025\/11\/Sleep-Well-Kitchen_img.png","width":2000,"height":2000},{"@type":"BreadcrumbList","@id":"https:\/\/calmway.codelibry.dev\/m\u0259hsul\/rahat-yuxu-m%c9%99tb%c9%99xi\/#breadcrumb","itemListElement":[{"@type":"ListItem","position":1,"name":"\u0413\u043b\u0430\u0432\u043d\u0430\u044f \u0441\u0442\u0440\u0430\u043d\u0438\u0446\u0430","item":"https:\/\/calmway.codelibry.dev\/"},{"@type":"ListItem","position":2,"name":"Catalog","item":"https:\/\/calmway.codelibry.dev\/shop\/"},{"@type":"ListItem","position":3,"name":"Rahat Yuxu M\u0259tb\u0259xi"}]},{"@type":"WebSite","@id":"https:\/\/calmway.codelibry.dev\/#website","url":"https:\/\/calmway.codelibry.dev\/","name":"Calming practices","description":"","potentialAction":[{"@type":"SearchAction","target":{"@type":"EntryPoint","urlTemplate":"https:\/\/calmway.codelibry.dev\/?s={search_term_string}"},"query-input":{"@type":"PropertyValueSpecification","valueRequired":true,"valueName":"search_term_string"}}],"inLanguage":"en-US"}]}},"_links":{"self":[{"href":"https:\/\/calmway.codelibry.dev\/en\/wp-json\/wp\/v2\/product\/4821","targetHints":{"allow":["GET"]}}],"collection":[{"href":"https:\/\/calmway.codelibry.dev\/en\/wp-json\/wp\/v2\/product"}],"about":[{"href":"https:\/\/calmway.codelibry.dev\/en\/wp-json\/wp\/v2\/types\/product"}],"replies":[{"embeddable":true,"href":"https:\/\/calmway.codelibry.dev\/en\/wp-json\/wp\/v2\/comments?post=4821"}],"wp:featuredmedia":[{"embeddable":true,"href":"https:\/\/calmway.codelibry.dev\/en\/wp-json\/wp\/v2\/media\/5791"}],"wp:attachment":[{"href":"https:\/\/calmway.codelibry.dev\/en\/wp-json\/wp\/v2\/media?parent=4821"}],"wp:term":[{"taxonomy":"product_brand","embeddable":true,"href":"https:\/\/calmway.codelibry.dev\/en\/wp-json\/wp\/v2\/product_brand?post=4821"},{"taxonomy":"product_cat","embeddable":true,"href":"https:\/\/calmway.codelibry.dev\/en\/wp-json\/wp\/v2\/product_cat?post=4821"},{"taxonomy":"product_tag","embeddable":true,"href":"https:\/\/calmway.codelibry.dev\/en\/wp-json\/wp\/v2\/product_tag?post=4821"},{"taxonomy":"product_language","embeddable":true,"href":"https:\/\/calmway.codelibry.dev\/en\/wp-json\/wp\/v2\/product_language?post=4821"}],"curies":[{"name":"wp","href":"https:\/\/api.w.org\/{rel}","templated":true}]}}