{"id":4819,"date":"2025-11-03T10:43:56","date_gmt":"2025-11-03T10:43:56","guid":{"rendered":"https:\/\/calmway.codelibry.dev\/?post_type=product&#038;p=4819"},"modified":"2025-12-03T14:38:10","modified_gmt":"2025-12-03T14:38:10","slug":"b%c9%99rpa-v%c9%99-rifah-reseptl%c9%99ri","status":"publish","type":"product","link":"https:\/\/calmway.codelibry.dev\/en\/m\u0259hsul\/b%c9%99rpa-v%c9%99-rifah-reseptl%c9%99ri\/","title":{"rendered":"B\u0259rpa V\u0259 Rifah Reseptl\u0259ri"},"content":{"rendered":"<p>X\u0259st\u0259lik, \u0259m\u0259liyyat v\u0259 ya y\u00fcks\u0259k y\u00fckl\u0259nm\u0259 d\u00f6vrl\u0259rind\u0259n sonra b\u0259d\u0259ni z\u0259rif \u015f\u0259kild\u0259 b\u0259rpa etm\u0259y\u0259 k\u00f6m\u0259k ed\u0259n qidaland\u0131r\u0131c\u0131 yem\u0259kl\u0259r toplusudur. Reseptl\u0259r z\u00fclal ehtiyat\u0131n\u0131 doldurma\u011fa, iltihab\u0131 azaltma\u011fa, immuniteti d\u0259st\u0259kl\u0259m\u0259y\u0259 v\u0259 h\u0259zmi yormadan enerjini qaytarma\u011fa k\u00f6m\u0259k edir.<\/p>\n<p>Daxild\u0259:<br \/>\n\u2022 kollagen, s\u00fcm\u00fck bulyonu, tofu, t\u0259r\u0259v\u0259z v\u0259 tam tax\u0131llarla haz\u0131rlanm\u0131\u015f smuzi, qab yem\u0259kl\u0259ri, ragu v\u0259 \u015forbalar;<br \/>\n\u2022 b\u0259rpaedici v\u0259 iltihab\u0259leyhin\u0259 potensial\u0131 olan inqrediyentl\u0259r;<br \/>\n\u2022 b\u0259rpa d\u00f6vr\u00fcnd\u0259 asan bi\u015firm\u0259 \u00fc\u00e7\u00fcn add\u0131m-add\u0131m t\u0259limatlar v\u0259 rahat m\u0259hsul siyah\u0131lar\u0131.<\/p>\n<p>Format: b\u0259rpa \u00fc\u00e7\u00fcn sad\u0259 qidalanma plan\u0131 kimi istifad\u0259 ed\u0259 bil\u0259c\u0259yiniz reseptl\u0259rl\u0259 y\u00fckl\u0259n\u0259 bil\u0259n PDF fayl.<\/p>\n","protected":false},"excerpt":{"rendered":"<p>X\u0259st\u0259lik, \u0259m\u0259liyyat v\u0259 ya y\u00fcks\u0259k y\u00fckl\u0259nm\u0259 d\u00f6vrl\u0259rind\u0259n sonra b\u0259d\u0259ni z\u0259rif \u015f\u0259kild\u0259 b\u0259rpa etm\u0259y\u0259 k\u00f6m\u0259k ed\u0259n qidaland\u0131r\u0131c\u0131 yem\u0259kl\u0259r toplusudur. Reseptl\u0259r z\u00fclal ehtiyat\u0131n\u0131 doldurma\u011fa, iltihab\u0131 azaltma\u011fa, immuniteti d\u0259st\u0259kl\u0259m\u0259y\u0259 v\u0259 h\u0259zmi yormadan enerjini qaytarma\u011fa k\u00f6m\u0259k edir. Daxild\u0259: \u2022 kollagen, s\u00fcm\u00fck bulyonu, tofu, t\u0259r\u0259v\u0259z v\u0259 tam tax\u0131llarla haz\u0131rlanm\u0131\u015f smuzi, qab yem\u0259kl\u0259ri, ragu v\u0259 \u015forbalar; \u2022 b\u0259rpaedici v\u0259 iltihab\u0259leyhin\u0259 potensial\u0131 [&hellip;]<\/p>\n","protected":false},"featured_media":5790,"comment_status":"open","ping_status":"closed","template":"","meta":{"_acf_changed":false,"inline_featured_image":false},"product_brand":[],"product_cat":[101],"product_tag":[],"product_language":[88],"class_list":{"0":"post-4819","1":"product","2":"type-product","3":"status-publish","4":"has-post-thumbnail","6":"product_cat-mindfuleating","7":"product_language-az","9":"first","10":"instock","11":"downloadable","12":"shipping-taxable","13":"purchasable","14":"product-type-simple"},"acf":[],"yoast_head":"<!-- This site is optimized with the Yoast SEO plugin v26.2 - https:\/\/yoast.com\/wordpress\/plugins\/seo\/ -->\n<title>B\u0259rpa V\u0259 Rifah Reseptl\u0259ri - Calming practices<\/title>\n<meta name=\"robots\" content=\"noindex, follow, max-snippet:-1, max-image-preview:large, max-video-preview:-1\" \/>\n<meta property=\"og:locale\" content=\"en_US\" \/>\n<meta property=\"og:type\" content=\"article\" \/>\n<meta property=\"og:title\" content=\"B\u0259rpa V\u0259 Rifah Reseptl\u0259ri - Calming practices\" \/>\n<meta property=\"og:description\" content=\"X\u0259st\u0259lik, \u0259m\u0259liyyat v\u0259 ya y\u00fcks\u0259k y\u00fckl\u0259nm\u0259 d\u00f6vrl\u0259rind\u0259n sonra b\u0259d\u0259ni z\u0259rif \u015f\u0259kild\u0259 b\u0259rpa etm\u0259y\u0259 k\u00f6m\u0259k ed\u0259n qidaland\u0131r\u0131c\u0131 yem\u0259kl\u0259r toplusudur. Reseptl\u0259r z\u00fclal ehtiyat\u0131n\u0131 doldurma\u011fa, iltihab\u0131 azaltma\u011fa, immuniteti d\u0259st\u0259kl\u0259m\u0259y\u0259 v\u0259 h\u0259zmi yormadan enerjini qaytarma\u011fa k\u00f6m\u0259k edir. Daxild\u0259: \u2022 kollagen, s\u00fcm\u00fck bulyonu, tofu, t\u0259r\u0259v\u0259z v\u0259 tam tax\u0131llarla haz\u0131rlanm\u0131\u015f smuzi, qab yem\u0259kl\u0259ri, ragu v\u0259 \u015forbalar; \u2022 b\u0259rpaedici v\u0259 iltihab\u0259leyhin\u0259 potensial\u0131 [&hellip;]\" \/>\n<meta property=\"og:url\" content=\"https:\/\/calmway.codelibry.dev\/m\u0259hsul\/b\u0259rpa-v\u0259-rifah-reseptl\u0259ri\/\" \/>\n<meta property=\"og:site_name\" content=\"Calming practices\" \/>\n<meta property=\"article:modified_time\" content=\"2025-12-03T14:38:10+00:00\" \/>\n<meta property=\"og:image\" content=\"https:\/\/calmway.codelibry.dev\/wp-content\/uploads\/2025\/11\/Recovery-Wellness-Recipes_img-1024x1024.png\" \/>\n\t<meta property=\"og:image:width\" content=\"1024\" \/>\n\t<meta property=\"og:image:height\" content=\"1024\" \/>\n\t<meta property=\"og:image:type\" content=\"image\/png\" \/>\n<meta name=\"twitter:card\" content=\"summary_large_image\" \/>\n<meta name=\"twitter:label1\" content=\"Est. reading time\" \/>\n\t<meta name=\"twitter:data1\" content=\"1 minute\" \/>\n<script type=\"application\/ld+json\" class=\"yoast-schema-graph\">{\"@context\":\"https:\/\/schema.org\",\"@graph\":[{\"@type\":\"WebPage\",\"@id\":\"https:\/\/calmway.codelibry.dev\/m\u0259hsul\/b%c9%99rpa-v%c9%99-rifah-reseptl%c9%99ri\/\",\"url\":\"https:\/\/calmway.codelibry.dev\/m\u0259hsul\/b%c9%99rpa-v%c9%99-rifah-reseptl%c9%99ri\/\",\"name\":\"B\u0259rpa V\u0259 Rifah Reseptl\u0259ri - Calming practices\",\"isPartOf\":{\"@id\":\"https:\/\/calmway.codelibry.dev\/#website\"},\"primaryImageOfPage\":{\"@id\":\"https:\/\/calmway.codelibry.dev\/m\u0259hsul\/b%c9%99rpa-v%c9%99-rifah-reseptl%c9%99ri\/#primaryimage\"},\"image\":{\"@id\":\"https:\/\/calmway.codelibry.dev\/m\u0259hsul\/b%c9%99rpa-v%c9%99-rifah-reseptl%c9%99ri\/#primaryimage\"},\"thumbnailUrl\":\"https:\/\/calmway.codelibry.dev\/wp-content\/uploads\/2025\/11\/Recovery-Wellness-Recipes_img.png\",\"datePublished\":\"2025-11-03T10:43:56+00:00\",\"dateModified\":\"2025-12-03T14:38:10+00:00\",\"breadcrumb\":{\"@id\":\"https:\/\/calmway.codelibry.dev\/m\u0259hsul\/b%c9%99rpa-v%c9%99-rifah-reseptl%c9%99ri\/#breadcrumb\"},\"inLanguage\":\"en-US\",\"potentialAction\":[{\"@type\":\"ReadAction\",\"target\":[\"https:\/\/calmway.codelibry.dev\/m\u0259hsul\/b%c9%99rpa-v%c9%99-rifah-reseptl%c9%99ri\/\"]}]},{\"@type\":\"ImageObject\",\"inLanguage\":\"en-US\",\"@id\":\"https:\/\/calmway.codelibry.dev\/m\u0259hsul\/b%c9%99rpa-v%c9%99-rifah-reseptl%c9%99ri\/#primaryimage\",\"url\":\"https:\/\/calmway.codelibry.dev\/wp-content\/uploads\/2025\/11\/Recovery-Wellness-Recipes_img.png\",\"contentUrl\":\"https:\/\/calmway.codelibry.dev\/wp-content\/uploads\/2025\/11\/Recovery-Wellness-Recipes_img.png\",\"width\":2000,\"height\":2000},{\"@type\":\"BreadcrumbList\",\"@id\":\"https:\/\/calmway.codelibry.dev\/m\u0259hsul\/b%c9%99rpa-v%c9%99-rifah-reseptl%c9%99ri\/#breadcrumb\",\"itemListElement\":[{\"@type\":\"ListItem\",\"position\":1,\"name\":\"\u0413\u043b\u0430\u0432\u043d\u0430\u044f \u0441\u0442\u0440\u0430\u043d\u0438\u0446\u0430\",\"item\":\"https:\/\/calmway.codelibry.dev\/\"},{\"@type\":\"ListItem\",\"position\":2,\"name\":\"Catalog\",\"item\":\"https:\/\/calmway.codelibry.dev\/shop\/\"},{\"@type\":\"ListItem\",\"position\":3,\"name\":\"B\u0259rpa V\u0259 Rifah Reseptl\u0259ri\"}]},{\"@type\":\"WebSite\",\"@id\":\"https:\/\/calmway.codelibry.dev\/#website\",\"url\":\"https:\/\/calmway.codelibry.dev\/\",\"name\":\"Calming practices\",\"description\":\"\",\"potentialAction\":[{\"@type\":\"SearchAction\",\"target\":{\"@type\":\"EntryPoint\",\"urlTemplate\":\"https:\/\/calmway.codelibry.dev\/?s={search_term_string}\"},\"query-input\":{\"@type\":\"PropertyValueSpecification\",\"valueRequired\":true,\"valueName\":\"search_term_string\"}}],\"inLanguage\":\"en-US\"}]}<\/script>\n<!-- \/ Yoast SEO plugin. -->","yoast_head_json":{"title":"B\u0259rpa V\u0259 Rifah Reseptl\u0259ri - Calming practices","robots":{"index":"noindex","follow":"follow","max-snippet":"max-snippet:-1","max-image-preview":"max-image-preview:large","max-video-preview":"max-video-preview:-1"},"og_locale":"en_US","og_type":"article","og_title":"B\u0259rpa V\u0259 Rifah Reseptl\u0259ri - Calming practices","og_description":"X\u0259st\u0259lik, \u0259m\u0259liyyat v\u0259 ya y\u00fcks\u0259k y\u00fckl\u0259nm\u0259 d\u00f6vrl\u0259rind\u0259n sonra b\u0259d\u0259ni z\u0259rif \u015f\u0259kild\u0259 b\u0259rpa etm\u0259y\u0259 k\u00f6m\u0259k ed\u0259n qidaland\u0131r\u0131c\u0131 yem\u0259kl\u0259r toplusudur. Reseptl\u0259r z\u00fclal ehtiyat\u0131n\u0131 doldurma\u011fa, iltihab\u0131 azaltma\u011fa, immuniteti d\u0259st\u0259kl\u0259m\u0259y\u0259 v\u0259 h\u0259zmi yormadan enerjini qaytarma\u011fa k\u00f6m\u0259k edir. Daxild\u0259: \u2022 kollagen, s\u00fcm\u00fck bulyonu, tofu, t\u0259r\u0259v\u0259z v\u0259 tam tax\u0131llarla haz\u0131rlanm\u0131\u015f smuzi, qab yem\u0259kl\u0259ri, ragu v\u0259 \u015forbalar; \u2022 b\u0259rpaedici v\u0259 iltihab\u0259leyhin\u0259 potensial\u0131 [&hellip;]","og_url":"https:\/\/calmway.codelibry.dev\/m\u0259hsul\/b\u0259rpa-v\u0259-rifah-reseptl\u0259ri\/","og_site_name":"Calming practices","article_modified_time":"2025-12-03T14:38:10+00:00","og_image":[{"width":1024,"height":1024,"url":"https:\/\/calmway.codelibry.dev\/wp-content\/uploads\/2025\/11\/Recovery-Wellness-Recipes_img-1024x1024.png","type":"image\/png"}],"twitter_card":"summary_large_image","twitter_misc":{"Est. reading time":"1 minute"},"schema":{"@context":"https:\/\/schema.org","@graph":[{"@type":"WebPage","@id":"https:\/\/calmway.codelibry.dev\/m\u0259hsul\/b%c9%99rpa-v%c9%99-rifah-reseptl%c9%99ri\/","url":"https:\/\/calmway.codelibry.dev\/m\u0259hsul\/b%c9%99rpa-v%c9%99-rifah-reseptl%c9%99ri\/","name":"B\u0259rpa V\u0259 Rifah Reseptl\u0259ri - Calming practices","isPartOf":{"@id":"https:\/\/calmway.codelibry.dev\/#website"},"primaryImageOfPage":{"@id":"https:\/\/calmway.codelibry.dev\/m\u0259hsul\/b%c9%99rpa-v%c9%99-rifah-reseptl%c9%99ri\/#primaryimage"},"image":{"@id":"https:\/\/calmway.codelibry.dev\/m\u0259hsul\/b%c9%99rpa-v%c9%99-rifah-reseptl%c9%99ri\/#primaryimage"},"thumbnailUrl":"https:\/\/calmway.codelibry.dev\/wp-content\/uploads\/2025\/11\/Recovery-Wellness-Recipes_img.png","datePublished":"2025-11-03T10:43:56+00:00","dateModified":"2025-12-03T14:38:10+00:00","breadcrumb":{"@id":"https:\/\/calmway.codelibry.dev\/m\u0259hsul\/b%c9%99rpa-v%c9%99-rifah-reseptl%c9%99ri\/#breadcrumb"},"inLanguage":"en-US","potentialAction":[{"@type":"ReadAction","target":["https:\/\/calmway.codelibry.dev\/m\u0259hsul\/b%c9%99rpa-v%c9%99-rifah-reseptl%c9%99ri\/"]}]},{"@type":"ImageObject","inLanguage":"en-US","@id":"https:\/\/calmway.codelibry.dev\/m\u0259hsul\/b%c9%99rpa-v%c9%99-rifah-reseptl%c9%99ri\/#primaryimage","url":"https:\/\/calmway.codelibry.dev\/wp-content\/uploads\/2025\/11\/Recovery-Wellness-Recipes_img.png","contentUrl":"https:\/\/calmway.codelibry.dev\/wp-content\/uploads\/2025\/11\/Recovery-Wellness-Recipes_img.png","width":2000,"height":2000},{"@type":"BreadcrumbList","@id":"https:\/\/calmway.codelibry.dev\/m\u0259hsul\/b%c9%99rpa-v%c9%99-rifah-reseptl%c9%99ri\/#breadcrumb","itemListElement":[{"@type":"ListItem","position":1,"name":"\u0413\u043b\u0430\u0432\u043d\u0430\u044f \u0441\u0442\u0440\u0430\u043d\u0438\u0446\u0430","item":"https:\/\/calmway.codelibry.dev\/"},{"@type":"ListItem","position":2,"name":"Catalog","item":"https:\/\/calmway.codelibry.dev\/shop\/"},{"@type":"ListItem","position":3,"name":"B\u0259rpa V\u0259 Rifah Reseptl\u0259ri"}]},{"@type":"WebSite","@id":"https:\/\/calmway.codelibry.dev\/#website","url":"https:\/\/calmway.codelibry.dev\/","name":"Calming practices","description":"","potentialAction":[{"@type":"SearchAction","target":{"@type":"EntryPoint","urlTemplate":"https:\/\/calmway.codelibry.dev\/?s={search_term_string}"},"query-input":{"@type":"PropertyValueSpecification","valueRequired":true,"valueName":"search_term_string"}}],"inLanguage":"en-US"}]}},"_links":{"self":[{"href":"https:\/\/calmway.codelibry.dev\/en\/wp-json\/wp\/v2\/product\/4819","targetHints":{"allow":["GET"]}}],"collection":[{"href":"https:\/\/calmway.codelibry.dev\/en\/wp-json\/wp\/v2\/product"}],"about":[{"href":"https:\/\/calmway.codelibry.dev\/en\/wp-json\/wp\/v2\/types\/product"}],"replies":[{"embeddable":true,"href":"https:\/\/calmway.codelibry.dev\/en\/wp-json\/wp\/v2\/comments?post=4819"}],"wp:featuredmedia":[{"embeddable":true,"href":"https:\/\/calmway.codelibry.dev\/en\/wp-json\/wp\/v2\/media\/5790"}],"wp:attachment":[{"href":"https:\/\/calmway.codelibry.dev\/en\/wp-json\/wp\/v2\/media?parent=4819"}],"wp:term":[{"taxonomy":"product_brand","embeddable":true,"href":"https:\/\/calmway.codelibry.dev\/en\/wp-json\/wp\/v2\/product_brand?post=4819"},{"taxonomy":"product_cat","embeddable":true,"href":"https:\/\/calmway.codelibry.dev\/en\/wp-json\/wp\/v2\/product_cat?post=4819"},{"taxonomy":"product_tag","embeddable":true,"href":"https:\/\/calmway.codelibry.dev\/en\/wp-json\/wp\/v2\/product_tag?post=4819"},{"taxonomy":"product_language","embeddable":true,"href":"https:\/\/calmway.codelibry.dev\/en\/wp-json\/wp\/v2\/product_language?post=4819"}],"curies":[{"name":"wp","href":"https:\/\/api.w.org\/{rel}","templated":true}]}}