{"id":544,"date":"2025-04-08T07:26:35","date_gmt":"2025-04-08T07:26:35","guid":{"rendered":"https:\/\/devcon.r-s.space\/?page_id=544"},"modified":"2025-12-10T06:42:01","modified_gmt":"2025-12-10T06:42:01","slug":"terms-of-use","status":"publish","type":"page","link":"https:\/\/calmway.codelibry.dev\/en\/terms-of-use\/","title":{"rendered":"Terms and Conditions"},"content":{"rendered":"\t\t<div data-elementor-type=\"wp-page\" data-elementor-id=\"544\" class=\"elementor elementor-544\" data-elementor-post-type=\"page\">\n\t\t\t\t<div class=\"elementor-element elementor-element-416ccda2 e-flex e-con-boxed e-con e-parent\" data-id=\"416ccda2\" data-element_type=\"container\">\n\t\t\t\t\t<div class=\"e-con-inner\">\n\t\t\t\t<div class=\"elementor-element elementor-element-76b4be08 elementor-widget elementor-widget-heading\" data-id=\"76b4be08\" data-element_type=\"widget\" data-widget_type=\"heading.default\">\n\t\t\t\t<div class=\"elementor-widget-container\">\n\t\t\t\t\t<h1 class=\"elementor-heading-title elementor-size-default\">Terms and Conditions<\/h1>\t\t\t\t<\/div>\n\t\t\t\t<\/div>\n\t\t\t\t<div class=\"elementor-element elementor-element-3661128 elementor-widget elementor-widget-heading\" data-id=\"3661128\" data-element_type=\"widget\" data-widget_type=\"heading.default\">\n\t\t\t\t<div class=\"elementor-widget-container\">\n\t\t\t\t\t<div class=\"elementor-heading-title elementor-size-default\">Compliant with the laws of the Republic of Azerbaijan\n\n<br><br>These Terms and Conditions (\u201cTerms\u201d) apply to all services and products provided through www.calmway.az operated by \u201cHK-EDUSPARK\u201d LLC. By using the Website, you fully accept these Terms.\n<\/div>\t\t\t\t<\/div>\n\t\t\t\t<\/div>\n\t\t\t\t<div class=\"elementor-element elementor-element-135d43c elementor-widget elementor-widget-text-editor\" data-id=\"135d43c\" data-element_type=\"widget\" data-widget_type=\"text-editor.default\">\n\t\t\t\t<div class=\"elementor-widget-container\">\n\t\t\t\t\t\t\t\t\t<p>\u00a0<\/p><ol><li>General Information<\/li><\/ol><p>\u201cHK-EDUSPARK\u201d <span class=\"Y2IQFc\" lang=\"en\">Limited Liability Company<\/span><\/p><p>TAX ID: 1103181931<\/p><p>Legal address: AZ1063 , BAKI \u015e\u018fH\u018fR\u0130 QARADA\u011e RAYONU L\u00d6KBATAN \u015eTQ,\u015eAH\u0130N X\u018fL\u0130LOV , ev 13 ,m 13<\/p><p>Contact: info@calmway.az<\/p><ol start=\"2\"><li>Website Use<\/li><\/ol><p>Users confirm that:<\/p><p>&#8211; They are over 18 years old<\/p><p>&#8211; All information provided is accurate<\/p><p>&#8211; They have read payment and delivery policies<\/p><p>&#8211; They agree to these Terms<\/p><ol start=\"3\"><li>Product Description and Pricing<\/li><\/ol><p>&#8211; Product descriptions are for informational purposes<\/p><p>&#8211; Prices and stock are subject to change<\/p><p>&#8211; Company reserves the right to cancel orders in case of incorrect pricing<\/p><ol start=\"4\"><li>Order Acceptance and Confirmation<\/li><\/ol><p>&#8211; Customer selects products and provides payment info<\/p><p>&#8211; Order confirmation is sent via email<\/p><p>&#8211; Orders may not be accepted due to stock shortage, technical issues, or unconfirmed payment<\/p><ol start=\"5\"><li>Payment Methods<\/li><\/ol><p>&#8211; Online card (Visa\/Mastercard)<\/p><p>&#8211; Bank transfer<\/p><p>&#8211; Payments are processed according to Azerbaijani legislation<\/p><ol start=\"6\"><li>Delivery Terms<\/li><\/ol><p>&#8211; Delivery within Azerbaijan only<\/p><p>&#8211; Company is not responsible for incorrect address or contact info<\/p><p>&#8211; Delays due to force majeure are possible<\/p><ol start=\"7\"><li>Refund and Exchange Policy<\/li><\/ol><p>&#8211; No 14-day return right<\/p><p>&#8211; Perishable, custom-made, or post-use damaged products are non-refundable<\/p><p>&#8211; Only defective products due to Company&#8217;s fault may be replaced<\/p><ol start=\"8\"><li>Privacy and Personal Data Protection<\/li><\/ol><p>&#8211; Personal data is protected in accordance with the Law on Personal Data<\/p><p>&#8211; Collected data includes: name, phone, email, address, payment info, order history<\/p><ol start=\"9\"><li>Limitation of Liability<\/li><\/ol><p>&#8211; Company is not responsible for technical issues, delays, incorrect data, or force majeure events<\/p><ol start=\"10\"><li>Intellectual Property<\/li><\/ol><p>&#8211; All website content (text, images, design, code) is property of the Company<\/p><ol start=\"11\"><li>Governing Law and Dispute Resolution<\/li><\/ol><p>&#8211; Governed by the laws of Azerbaijan<\/p><p>&#8211; Disputes resolved in Baku courts<\/p><ol start=\"12\"><li>Changes to Terms<\/li><\/ol><p>&#8211; Company may modify Terms at any time<\/p><p>&#8211; Changes take effect once published on the Website<\/p><ol start=\"13\"><li>Contact Information<\/li><\/ol><p>Email: info@calmway.az<\/p><p>Address: AZ1063 , BAKI \u015e\u018fH\u018fR\u0130 QARADA\u011e RAYONU L\u00d6KBATAN \u015eTQ,\u015eAH\u0130N X\u018fL\u0130LOV , ev 13 ,m 13<\/p>\t\t\t\t\t\t\t\t<\/div>\n\t\t\t\t<\/div>\n\t\t\t\t\t<\/div>\n\t\t\t\t<\/div>\n\t\t\t\t<\/div>\n\t\t","protected":false},"excerpt":{"rendered":"<p>Compliant with the laws of the Republic of Azerbaijan These Terms and Conditions (\u201cTerms\u201d) apply to all services and products provided through www.calmway.az operated by \u201cHK-EDUSPARK\u201d LLC. By using the Website, you fully accept these Terms. \u00a0 General Information \u201cHK-EDUSPARK\u201d Limited Liability Company TAX ID: 1103181931 Legal address: AZ1063 , BAKI \u015e\u018fH\u018fR\u0130 QARADA\u011e RAYONU L\u00d6KBATAN [&hellip;]<\/p>\n","protected":false},"author":2,"featured_media":0,"parent":0,"menu_order":0,"comment_status":"closed","ping_status":"closed","template":"","meta":{"_acf_changed":false,"inline_featured_image":false,"footnotes":""},"class_list":["post-544","page","type-page","status-publish","hentry"],"acf":[],"yoast_head":"<!-- This site is optimized with the Yoast SEO plugin v26.2 - https:\/\/yoast.com\/wordpress\/plugins\/seo\/ -->\n<title>Terms and Conditions - Calming practices<\/title>\n<meta name=\"robots\" content=\"noindex, follow, max-snippet:-1, max-image-preview:large, max-video-preview:-1\" \/>\n<meta property=\"og:locale\" content=\"en_US\" \/>\n<meta property=\"og:type\" content=\"article\" \/>\n<meta property=\"og:title\" content=\"Terms and Conditions - Calming practices\" \/>\n<meta property=\"og:description\" content=\"Compliant with the laws of the Republic of Azerbaijan These Terms and Conditions (\u201cTerms\u201d) apply to all services and products provided through www.calmway.az operated by \u201cHK-EDUSPARK\u201d LLC. By using the Website, you fully accept these Terms. \u00a0 General Information \u201cHK-EDUSPARK\u201d Limited Liability Company TAX ID: 1103181931 Legal address: AZ1063 , BAKI \u015e\u018fH\u018fR\u0130 QARADA\u011e RAYONU L\u00d6KBATAN [&hellip;]\" \/>\n<meta property=\"og:url\" content=\"https:\/\/calmway.codelibry.dev\/en\/terms-of-use\/\" \/>\n<meta property=\"og:site_name\" content=\"Calming practices\" \/>\n<meta property=\"article:modified_time\" content=\"2025-12-10T06:42:01+00:00\" \/>\n<meta name=\"twitter:card\" content=\"summary_large_image\" \/>\n<meta name=\"twitter:label1\" content=\"Est. reading time\" \/>\n\t<meta name=\"twitter:data1\" content=\"2 minutes\" \/>\n<script type=\"application\/ld+json\" class=\"yoast-schema-graph\">{\"@context\":\"https:\/\/schema.org\",\"@graph\":[{\"@type\":\"WebPage\",\"@id\":\"https:\/\/calmway.codelibry.dev\/en\/terms-of-use\/\",\"url\":\"https:\/\/calmway.codelibry.dev\/en\/terms-of-use\/\",\"name\":\"Terms and Conditions - Calming practices\",\"isPartOf\":{\"@id\":\"https:\/\/calmway.codelibry.dev\/#website\"},\"datePublished\":\"2025-04-08T07:26:35+00:00\",\"dateModified\":\"2025-12-10T06:42:01+00:00\",\"breadcrumb\":{\"@id\":\"https:\/\/calmway.codelibry.dev\/en\/terms-of-use\/#breadcrumb\"},\"inLanguage\":\"en-US\",\"potentialAction\":[{\"@type\":\"ReadAction\",\"target\":[\"https:\/\/calmway.codelibry.dev\/en\/terms-of-use\/\"]}]},{\"@type\":\"BreadcrumbList\",\"@id\":\"https:\/\/calmway.codelibry.dev\/en\/terms-of-use\/#breadcrumb\",\"itemListElement\":[{\"@type\":\"ListItem\",\"position\":1,\"name\":\"\u0413\u043b\u0430\u0432\u043d\u0430\u044f \u0441\u0442\u0440\u0430\u043d\u0438\u0446\u0430\",\"item\":\"https:\/\/calmway.codelibry.dev\/\"},{\"@type\":\"ListItem\",\"position\":2,\"name\":\"Terms and Conditions\"}]},{\"@type\":\"WebSite\",\"@id\":\"https:\/\/calmway.codelibry.dev\/#website\",\"url\":\"https:\/\/calmway.codelibry.dev\/\",\"name\":\"Calming practices\",\"description\":\"\",\"potentialAction\":[{\"@type\":\"SearchAction\",\"target\":{\"@type\":\"EntryPoint\",\"urlTemplate\":\"https:\/\/calmway.codelibry.dev\/?s={search_term_string}\"},\"query-input\":{\"@type\":\"PropertyValueSpecification\",\"valueRequired\":true,\"valueName\":\"search_term_string\"}}],\"inLanguage\":\"en-US\"}]}<\/script>\n<!-- \/ Yoast SEO plugin. -->","yoast_head_json":{"title":"Terms and Conditions - Calming practices","robots":{"index":"noindex","follow":"follow","max-snippet":"max-snippet:-1","max-image-preview":"max-image-preview:large","max-video-preview":"max-video-preview:-1"},"og_locale":"en_US","og_type":"article","og_title":"Terms and Conditions - Calming practices","og_description":"Compliant with the laws of the Republic of Azerbaijan These Terms and Conditions (\u201cTerms\u201d) apply to all services and products provided through www.calmway.az operated by \u201cHK-EDUSPARK\u201d LLC. By using the Website, you fully accept these Terms. \u00a0 General Information \u201cHK-EDUSPARK\u201d Limited Liability Company TAX ID: 1103181931 Legal address: AZ1063 , BAKI \u015e\u018fH\u018fR\u0130 QARADA\u011e RAYONU L\u00d6KBATAN [&hellip;]","og_url":"https:\/\/calmway.codelibry.dev\/en\/terms-of-use\/","og_site_name":"Calming practices","article_modified_time":"2025-12-10T06:42:01+00:00","twitter_card":"summary_large_image","twitter_misc":{"Est. reading time":"2 minutes"},"schema":{"@context":"https:\/\/schema.org","@graph":[{"@type":"WebPage","@id":"https:\/\/calmway.codelibry.dev\/en\/terms-of-use\/","url":"https:\/\/calmway.codelibry.dev\/en\/terms-of-use\/","name":"Terms and Conditions - Calming practices","isPartOf":{"@id":"https:\/\/calmway.codelibry.dev\/#website"},"datePublished":"2025-04-08T07:26:35+00:00","dateModified":"2025-12-10T06:42:01+00:00","breadcrumb":{"@id":"https:\/\/calmway.codelibry.dev\/en\/terms-of-use\/#breadcrumb"},"inLanguage":"en-US","potentialAction":[{"@type":"ReadAction","target":["https:\/\/calmway.codelibry.dev\/en\/terms-of-use\/"]}]},{"@type":"BreadcrumbList","@id":"https:\/\/calmway.codelibry.dev\/en\/terms-of-use\/#breadcrumb","itemListElement":[{"@type":"ListItem","position":1,"name":"\u0413\u043b\u0430\u0432\u043d\u0430\u044f \u0441\u0442\u0440\u0430\u043d\u0438\u0446\u0430","item":"https:\/\/calmway.codelibry.dev\/"},{"@type":"ListItem","position":2,"name":"Terms and Conditions"}]},{"@type":"WebSite","@id":"https:\/\/calmway.codelibry.dev\/#website","url":"https:\/\/calmway.codelibry.dev\/","name":"Calming practices","description":"","potentialAction":[{"@type":"SearchAction","target":{"@type":"EntryPoint","urlTemplate":"https:\/\/calmway.codelibry.dev\/?s={search_term_string}"},"query-input":{"@type":"PropertyValueSpecification","valueRequired":true,"valueName":"search_term_string"}}],"inLanguage":"en-US"}]}},"_links":{"self":[{"href":"https:\/\/calmway.codelibry.dev\/en\/wp-json\/wp\/v2\/pages\/544","targetHints":{"allow":["GET"]}}],"collection":[{"href":"https:\/\/calmway.codelibry.dev\/en\/wp-json\/wp\/v2\/pages"}],"about":[{"href":"https:\/\/calmway.codelibry.dev\/en\/wp-json\/wp\/v2\/types\/page"}],"author":[{"embeddable":true,"href":"https:\/\/calmway.codelibry.dev\/en\/wp-json\/wp\/v2\/users\/2"}],"replies":[{"embeddable":true,"href":"https:\/\/calmway.codelibry.dev\/en\/wp-json\/wp\/v2\/comments?post=544"}],"version-history":[{"count":75,"href":"https:\/\/calmway.codelibry.dev\/en\/wp-json\/wp\/v2\/pages\/544\/revisions"}],"predecessor-version":[{"id":5974,"href":"https:\/\/calmway.codelibry.dev\/en\/wp-json\/wp\/v2\/pages\/544\/revisions\/5974"}],"wp:attachment":[{"href":"https:\/\/calmway.codelibry.dev\/en\/wp-json\/wp\/v2\/media?parent=544"}],"curies":[{"name":"wp","href":"https:\/\/api.w.org\/{rel}","templated":true}]}}